{"id":2834,"date":"2022-11-23T12:24:58","date_gmt":"2022-11-23T12:24:58","guid":{"rendered":"https:\/\/consortium.ascentia.top\/?post_type=product&#038;p=2834"},"modified":"2025-05-07T13:58:07","modified_gmt":"2025-05-07T13:58:07","slug":"co-me-gleter-venecijaner-ovalni-mini-40-80-x-100-x-06","status":"publish","type":"product","link":"http:\/\/consortium.ascentia.top\/sl\/trgovina\/alati\/dekorativni-alati-come-i-boldrini\/co-me-gleter-venecijaner-ovalni-mini-40-80-x-100-x-06\/","title":{"rendered":"CO.ME Gladilka venecijaner ovalna mini 40\/80 x 100 x 0,6"},"content":{"rendered":"<div class=\"docos-collapsible-replyview\">\n<div class=\"docos-replyview-static\">\n<div class=\"docos-replyview-body docos-anchoredreplyview-body docos-replyview-body-emoji-reactable\" dir=\"ltr\">Ovalna bene\u0161ka gladilka iz nerjave\u010dega jekla za mineralne zaklju\u010dne sloje, ergonomski gumiran ro\u010daj.<\/div>\n<\/div>\n<\/div>","protected":false},"excerpt":{"rendered":"<p>Ovalna bene\u0161ka gladilka iz nerjave\u010dega jekla za mineralne zaklju\u010dne sloje, ergonomski gumiran ro\u010daj.<\/p>","protected":false},"featured_media":2835,"template":"","meta":[],"product_brand":[],"product_cat":[222,293],"product_tag":[],"class_list":{"0":"post-2834","1":"product","2":"type-product","3":"status-publish","4":"has-post-thumbnail","6":"product_cat-alati","7":"product_cat-dekorativni-alati-come-i-boldrini","9":"first","10":"instock","11":"shipping-taxable","12":"purchasable","13":"product-type-simple"},"acf":[],"_links":{"self":[{"href":"http:\/\/consortium.ascentia.top\/sl\/wp-json\/wp\/v2\/product\/2834","targetHints":{"allow":["GET"]}}],"collection":[{"href":"http:\/\/consortium.ascentia.top\/sl\/wp-json\/wp\/v2\/product"}],"about":[{"href":"http:\/\/consortium.ascentia.top\/sl\/wp-json\/wp\/v2\/types\/product"}],"wp:featuredmedia":[{"embeddable":true,"href":"http:\/\/consortium.ascentia.top\/sl\/wp-json\/wp\/v2\/media\/2835"}],"wp:attachment":[{"href":"http:\/\/consortium.ascentia.top\/sl\/wp-json\/wp\/v2\/media?parent=2834"}],"wp:term":[{"taxonomy":"product_brand","embeddable":true,"href":"http:\/\/consortium.ascentia.top\/sl\/wp-json\/wp\/v2\/product_brand?post=2834"},{"taxonomy":"product_cat","embeddable":true,"href":"http:\/\/consortium.ascentia.top\/sl\/wp-json\/wp\/v2\/product_cat?post=2834"},{"taxonomy":"product_tag","embeddable":true,"href":"http:\/\/consortium.ascentia.top\/sl\/wp-json\/wp\/v2\/product_tag?post=2834"}],"curies":[{"name":"wp","href":"https:\/\/api.w.org\/{rel}","templated":true}]}}