{"id":2584,"date":"2022-11-12T17:00:01","date_gmt":"2022-11-12T17:00:01","guid":{"rendered":"https:\/\/consortium.ascentia.top\/?post_type=product&#038;p=2584"},"modified":"2025-05-07T13:57:56","modified_gmt":"2025-05-07T13:57:56","slug":"boldrini-valjak-micromix-25-cm-12-mm","status":"publish","type":"product","link":"http:\/\/consortium.ascentia.top\/sl\/trgovina\/licilacki-pribor\/valjci-za-bojanje\/boldrini-valjak-micromix-25-cm-12-mm\/","title":{"rendered":"Boldrini valj\u010dek Micromix 25 cm 12 mm"},"content":{"rendered":"<div class=\"docos-collapsible-replyview\">\n<div class=\"docos-replyview-static\">\n<div class=\"docos-replyview-body docos-anchoredreplyview-body docos-replyview-body-emoji-reactable\" dir=\"ltr\">MICRO+: nova tkanina iz mikrovlaken z ve\u010djo gostoto ter ve\u010djo togostjo in odpornostjo kot standardna mikrovlakna. Ta tkanina zagotavlja odli\u010den zaklju\u010dek, ve\u010djo vpojnost in hitro prekrivanje.<\/div>\n<\/div>\n<\/div>","protected":false},"excerpt":{"rendered":"<p>MICRO+: nova tkanina iz mikrovlaken z ve\u010djo gostoto ter ve\u010djo togostjo in odpornostjo kot standardna mikrovlakna. Ta tkanina zagotavlja odli\u010den zaklju\u010dek, ve\u010djo vpojnost in hitro prekrivanje.<\/p>","protected":false},"featured_media":2585,"template":"","meta":[],"product_brand":[],"product_cat":[203,204],"product_tag":[],"class_list":{"0":"post-2584","1":"product","2":"type-product","3":"status-publish","4":"has-post-thumbnail","6":"product_cat-licilacki-pribor","7":"product_cat-valjci-za-bojanje","9":"first","10":"instock","11":"shipping-taxable","12":"purchasable","13":"product-type-simple"},"acf":[],"_links":{"self":[{"href":"http:\/\/consortium.ascentia.top\/sl\/wp-json\/wp\/v2\/product\/2584","targetHints":{"allow":["GET"]}}],"collection":[{"href":"http:\/\/consortium.ascentia.top\/sl\/wp-json\/wp\/v2\/product"}],"about":[{"href":"http:\/\/consortium.ascentia.top\/sl\/wp-json\/wp\/v2\/types\/product"}],"wp:featuredmedia":[{"embeddable":true,"href":"http:\/\/consortium.ascentia.top\/sl\/wp-json\/wp\/v2\/media\/2585"}],"wp:attachment":[{"href":"http:\/\/consortium.ascentia.top\/sl\/wp-json\/wp\/v2\/media?parent=2584"}],"wp:term":[{"taxonomy":"product_brand","embeddable":true,"href":"http:\/\/consortium.ascentia.top\/sl\/wp-json\/wp\/v2\/product_brand?post=2584"},{"taxonomy":"product_cat","embeddable":true,"href":"http:\/\/consortium.ascentia.top\/sl\/wp-json\/wp\/v2\/product_cat?post=2584"},{"taxonomy":"product_tag","embeddable":true,"href":"http:\/\/consortium.ascentia.top\/sl\/wp-json\/wp\/v2\/product_tag?post=2584"}],"curies":[{"name":"wp","href":"https:\/\/api.w.org\/{rel}","templated":true}]}}