{"id":2582,"date":"2022-11-12T16:59:35","date_gmt":"2022-11-12T16:59:35","guid":{"rendered":"https:\/\/consortium.ascentia.top\/?post_type=product&#038;p=2582"},"modified":"2025-05-07T13:57:56","modified_gmt":"2025-05-07T13:57:56","slug":"boldrini-valjak-me-tex-25-cm-12-cm","status":"publish","type":"product","link":"http:\/\/consortium.ascentia.top\/sl\/trgovina\/licilacki-pribor\/valjci-za-bojanje\/boldrini-valjak-me-tex-25-cm-12-cm\/","title":{"rendered":"Boldrini Valjak Me Tex 25 cm \/ 6mm"},"content":{"rendered":"<p>ME-Tex: tkanina od 100% poliamida s teksturom, visoke gusto\u0107e. Izvrsne karakteristike otpornosti i elasti\u010dnosti omogu\u0107uju primjenu \u010dak i najagresivnijih proizvoda, bez gubitka vlakana ili otpadanja dlake.<\/p>\n<p><strong>Lastnosti: <\/strong>visoka mo\u0107 upijanja, neovisno o duljini dlake.<\/p>\n<p>Me-Tex jam\u010di ravnomjerno upijanje i savr\u0161eno nano\u0161enje \u010dak i najagresivnijih lakova.<\/p>","protected":false},"excerpt":{"rendered":"<p>ME-Tex: tkanina od 100% poliamida s teksturom, visoke gusto\u0107e. Izvrsne karakteristike otpornosti i elasti\u010dnosti omogu\u0107uju primjenu \u010dak i najagresivnijih proizvoda, bez gubitka vlakana ili otpadanja dlake. Karakteristike: visoka mo\u0107 upijanja, neovisno o duljini dlake. Me-Tex jam\u010di ravnomjerno upijanje i savr\u0161eno nano\u0161enje \u010dak i najagresivnijih lakova.<\/p>","protected":false},"featured_media":2583,"template":"","meta":[],"product_brand":[],"product_cat":[203,204],"product_tag":[],"class_list":{"0":"post-2582","1":"product","2":"type-product","3":"status-publish","4":"has-post-thumbnail","6":"product_cat-licilacki-pribor","7":"product_cat-valjci-za-bojanje","9":"first","10":"instock","11":"shipping-taxable","12":"purchasable","13":"product-type-simple"},"acf":[],"_links":{"self":[{"href":"http:\/\/consortium.ascentia.top\/sl\/wp-json\/wp\/v2\/product\/2582","targetHints":{"allow":["GET"]}}],"collection":[{"href":"http:\/\/consortium.ascentia.top\/sl\/wp-json\/wp\/v2\/product"}],"about":[{"href":"http:\/\/consortium.ascentia.top\/sl\/wp-json\/wp\/v2\/types\/product"}],"wp:featuredmedia":[{"embeddable":true,"href":"http:\/\/consortium.ascentia.top\/sl\/wp-json\/wp\/v2\/media\/2583"}],"wp:attachment":[{"href":"http:\/\/consortium.ascentia.top\/sl\/wp-json\/wp\/v2\/media?parent=2582"}],"wp:term":[{"taxonomy":"product_brand","embeddable":true,"href":"http:\/\/consortium.ascentia.top\/sl\/wp-json\/wp\/v2\/product_brand?post=2582"},{"taxonomy":"product_cat","embeddable":true,"href":"http:\/\/consortium.ascentia.top\/sl\/wp-json\/wp\/v2\/product_cat?post=2582"},{"taxonomy":"product_tag","embeddable":true,"href":"http:\/\/consortium.ascentia.top\/sl\/wp-json\/wp\/v2\/product_tag?post=2582"}],"curies":[{"name":"wp","href":"https:\/\/api.w.org\/{rel}","templated":true}]}}