{"id":1922,"date":"2022-10-28T16:10:43","date_gmt":"2022-10-28T16:10:43","guid":{"rendered":"https:\/\/consortium.ascentia.top\/?post_type=product&#038;p=1922"},"modified":"2025-05-16T06:28:45","modified_gmt":"2025-05-16T06:28:45","slug":"san-marco-concrete-art","status":"publish","type":"product","link":"http:\/\/consortium.ascentia.top\/sl\/trgovina\/dekorativni-program\/dekorativne-boje-za-zidove-i-dodaci\/san-marco-concrete-art\/","title":{"rendered":"San Marco Concrete Art"},"content":{"rendered":"<p><strong>CONCRET_ART je dekorativni premaz za notranjost in zunanjost, ki povr\u0161inam daje mo\u010dan zna\u010daj trdnosti, zna\u010dilen za \"vidni beton\".<\/strong><br \/>\nPrilagodljiv razli\u010ditim tehnikama nano\u0161enja, CONCRET_ART vam omogo\u010da dosego razli\u010dnih u\u010dinkov, od minimalisti\u010dnih uniform do ne\u017eno starinskih.<\/p>\n<p>S svojim mo\u010dnim materialnim identitetom izbolj\u0161uje sodobne kontekste, hkrati pa se odli\u010dno zlije z najbolj klasi\u010dnimi slogi. **CONCRET_ART** daje notranjim povr\u0161inam videz in taktilni u\u010dinek, zna\u010dilen za naravno staran beton, ter ustvarja sodobne ambiente s prefinjeno urbano atmosfero. Na zunanjih povr\u0161inah je izjemen za fasade, saj reproducira estetiko izpostavljenega betona.<br \/>\nCONCRET_ART se nana\u0161a na nove ali \u017ee barvane povr\u0161ine, omete, pa tudi na lesene, mav\u010dne in mav\u010dne nosilce ter na stene, prekrite s toplotnoizolacijskimi sistemi.<\/p>\n<p>Preporo\u010dljivo za stanovanjsko ali komercialno uporabo, vedno zagotavlja odli\u010dno u\u010dinkovitost in je idealen za prilagajanje oblikovalskim okoljem, podstre\u0161jem in modernim arhitekturam.<\/p>\n<p>Posebna formulacija CONCRET_ART-a zagotavlja visoko trdnost povr\u0161ine, dobro zra\u010dnost in neprepustnost za de\u017eevnico, kar obdelanim povr\u0161inam daje dolgotrajno estetsko kakovost.<\/p>\n<p>CONCRET_ART je na voljo v \u0161iroki paleti barv v svetlih, srednjih in temnih tonih.<br \/>\nKo kon\u010date z delom, uporabite vodo za \u010di\u0161\u010denje orodja.<br \/>\nUporabljajte v skladu z veljavnimi zdravstvenimi in varnostnimi predpisi (maska za obraz in prezra\u010devanje).<\/p>\n<p>Za uklanjanje plijesni, algi ili mahovine o\u010distite povr\u0161ine sredstvom COMBAT 222. Ako je podloga nepravilna, obradite rupe i udubljenja TAMSTUCCO PASTOM.<\/p>\n<p>Popravite vse vrzeli ali odpadajo\u010de stene z ATOMO-jem, nato pa nanesite zaklju\u010dni premaz.<\/p>","protected":false},"excerpt":{"rendered":"<p>CONCRET_ART je dekorativni premaz za interijere i eksterijere koji daje povr\u0161inama koje imaju sna\u017ean karakter \u010dvrsto\u0107e tipi\u010dan za \u201cfair-face\u201d cement\u201d. Prilagodljiv razli\u010ditim tehnikama nano\u0161enja, CONCRET_ART vam omogu\u0107uje postizanje razli\u010ditih u\u010dinaka u rasponu od minimalisti\u010dkih uniformi do delikatno starinskih. Svojim sna\u017enim materijalnim identitetom pobolj\u0161ava moderne kontekste dok se dobro uklapa u najklasi\u010dnije stilove. CONCRET_ART daje unutarnjim [&hellip;]<\/p>","protected":false},"featured_media":1923,"template":"","meta":[],"product_brand":[],"product_cat":[188,186],"product_tag":[],"class_list":{"0":"post-1922","1":"product","2":"type-product","3":"status-publish","4":"has-post-thumbnail","6":"product_cat-dekorativne-boje-za-zidove-i-dodaci","7":"product_cat-dekorativni-program","9":"first","10":"instock","11":"shipping-taxable","12":"purchasable","13":"product-type-variable","14":"wvs-archive-product-wrapper"},"acf":[],"_links":{"self":[{"href":"http:\/\/consortium.ascentia.top\/sl\/wp-json\/wp\/v2\/product\/1922","targetHints":{"allow":["GET"]}}],"collection":[{"href":"http:\/\/consortium.ascentia.top\/sl\/wp-json\/wp\/v2\/product"}],"about":[{"href":"http:\/\/consortium.ascentia.top\/sl\/wp-json\/wp\/v2\/types\/product"}],"wp:featuredmedia":[{"embeddable":true,"href":"http:\/\/consortium.ascentia.top\/sl\/wp-json\/wp\/v2\/media\/1923"}],"wp:attachment":[{"href":"http:\/\/consortium.ascentia.top\/sl\/wp-json\/wp\/v2\/media?parent=1922"}],"wp:term":[{"taxonomy":"product_brand","embeddable":true,"href":"http:\/\/consortium.ascentia.top\/sl\/wp-json\/wp\/v2\/product_brand?post=1922"},{"taxonomy":"product_cat","embeddable":true,"href":"http:\/\/consortium.ascentia.top\/sl\/wp-json\/wp\/v2\/product_cat?post=1922"},{"taxonomy":"product_tag","embeddable":true,"href":"http:\/\/consortium.ascentia.top\/sl\/wp-json\/wp\/v2\/product_tag?post=1922"}],"curies":[{"name":"wp","href":"https:\/\/api.w.org\/{rel}","templated":true}]}}