{"id":1905,"date":"2022-10-28T16:06:07","date_gmt":"2022-10-28T16:06:07","guid":{"rendered":"https:\/\/consortium.ascentia.top\/?post_type=product&#038;p=1905"},"modified":"2025-05-07T14:01:38","modified_gmt":"2025-05-07T14:01:38","slug":"san-marco-lunanuova","status":"publish","type":"product","link":"http:\/\/consortium.ascentia.top\/sl\/trgovina\/dekorativni-program\/dekorativne-boje-za-zidove-i-dodaci\/san-marco-lunanuova\/","title":{"rendered":"San Marco Lunanuova"},"content":{"rendered":"<p><strong>LUNANUOVA je prozoren premaz z ve\u010dbarvnimi odsevajo\u010dimi kristali za notranjo in zunanjo uporabo.<\/strong><\/p>\n<p>Ustvarja scenografske dekoracije, fino okra\u0161ene svetle\u010dimi odsevi v barvah in neprekinjenimi igrami svetlobe, ki omogo\u010dajo prilagoditev klasi\u010dnim in sodobnim okoljem, ustvarjajo\u010d teksture, ki so nekoliko grobe in prijetne na dotik.<\/p>\n<p>LUNANUOVA se nana\u0161a hitro in enostavno s \u010dopi\u010dem ali gobico v enem ali dveh slojih, odvisno od \u017eeljenega u\u010dinka.<\/p>\n<p>Lahko se nana\u0161a na nove in stare omete, podlage iz betona, gipsa in mavca, primeren pa je tudi za lesene povr\u0161ine, vklju\u010dno z lesno vlaknenimi plo\u0161\u010dami (iverica) in vezanimi plo\u0161\u010dami, \u010de so znotraj.<\/p>\n<p>Odvisno od vrste in barve osnovnega izdelka, LUNANUOVA prina\u0161a neskon\u010dne ustvarjalne mo\u017enosti.<\/p>\n<p>Za notranje prostore priporo\u010damo nana\u0161anje LUNANUOVE na podlage, kot so COLOREVIVO, BRAVOCASA in UNIMARC zidni emajl ali dekorativne barve, kot so MARCOPOLO ali CADORO. Za zunanjo uporabo priporo\u010damo nana\u0161anje LUNANUOVE na temeljne premaze, pobarvane z gladkimi barvami ali debelimi premazi, vklju\u010dno s sistemom toplotne izolacije.<\/p>\n<p>Posebna formula LUNANUOVE, s svojimi komponentami proti plesni in algam, prav tako \u0161\u010diti povr\u0161ine pred pojavom plesni in gliv.<\/p>\n<p>LUNANUOVA je prozoren z srebrnimi in zlatimi odsevi.<\/p>\n<p>Ko je delo kon\u010dano, uporabite vodo za razred\u010devanje izdelka in \u010di\u0161\u010denje orodja.<br \/>\nUporabljajte v skladu z veljavnimi zdravstvenimi in varnostnimi predpisi (maska za obraz in prezra\u010devanje).<\/p>","protected":false},"excerpt":{"rendered":"<p>LUNANUOVA je transparentni premaz s raznobojnim reflektiraju\u0107im kristalima za unutarnju i vanjsku upotrebu. Stvara scenografske dekoracije, fino ukra\u0161ene svjetlucavim odsjajima u boji i kontinuiranim igrama svjetla koje vam omogu\u0107uju da prilagodite klasi\u010dna i suvremena okru\u017eenja, stvaraju\u0107i teksture koje su pomalo grube i ugodne na dodir. LUNANUOVA se nanosi brzo i jednostavno kistom ili spu\u017evom u [&hellip;]<\/p>","protected":false},"featured_media":1906,"template":"","meta":[],"product_brand":[],"product_cat":[188,186],"product_tag":[],"class_list":{"0":"post-1905","1":"product","2":"type-product","3":"status-publish","4":"has-post-thumbnail","6":"product_cat-dekorativne-boje-za-zidove-i-dodaci","7":"product_cat-dekorativni-program","9":"first","10":"instock","11":"shipping-taxable","12":"purchasable","13":"product-type-variable","14":"wvs-archive-product-wrapper"},"acf":[],"_links":{"self":[{"href":"http:\/\/consortium.ascentia.top\/sl\/wp-json\/wp\/v2\/product\/1905","targetHints":{"allow":["GET"]}}],"collection":[{"href":"http:\/\/consortium.ascentia.top\/sl\/wp-json\/wp\/v2\/product"}],"about":[{"href":"http:\/\/consortium.ascentia.top\/sl\/wp-json\/wp\/v2\/types\/product"}],"wp:featuredmedia":[{"embeddable":true,"href":"http:\/\/consortium.ascentia.top\/sl\/wp-json\/wp\/v2\/media\/1906"}],"wp:attachment":[{"href":"http:\/\/consortium.ascentia.top\/sl\/wp-json\/wp\/v2\/media?parent=1905"}],"wp:term":[{"taxonomy":"product_brand","embeddable":true,"href":"http:\/\/consortium.ascentia.top\/sl\/wp-json\/wp\/v2\/product_brand?post=1905"},{"taxonomy":"product_cat","embeddable":true,"href":"http:\/\/consortium.ascentia.top\/sl\/wp-json\/wp\/v2\/product_cat?post=1905"},{"taxonomy":"product_tag","embeddable":true,"href":"http:\/\/consortium.ascentia.top\/sl\/wp-json\/wp\/v2\/product_tag?post=1905"}],"curies":[{"name":"wp","href":"https:\/\/api.w.org\/{rel}","templated":true}]}}