{"id":1613,"date":"2021-06-09T11:35:32","date_gmt":"2021-06-09T11:35:32","guid":{"rendered":"https:\/\/consortium.ascentia.top\/?post_type=product&#038;p=1613"},"modified":"2025-05-07T14:01:43","modified_gmt":"2025-05-07T14:01:43","slug":"teleskopska-drska-za-valjak","status":"publish","type":"product","link":"http:\/\/consortium.ascentia.top\/sl\/trgovina\/licilacki-pribor\/drske-za-valjak-i-teleskopi\/teleskopska-drska-za-valjak\/","title":{"rendered":"Teleskopski ro\u010daj za valj\u010dek"},"content":{"rendered":"<p>Teleskopski \u0161tap za valjak je idealan alat za bojanje kako za profesionalne korisnike tako i za ku\u0107ne majstore.<\/p>","protected":false},"excerpt":{"rendered":"<p>Teleskopski \u0161tap za valjak je idealan alat za bojanje kako za profesionalne korisnike tako i za ku\u0107ne majstore.<\/p>","protected":false},"featured_media":1644,"template":"","meta":[],"product_brand":[],"product_cat":[318,203],"product_tag":[],"class_list":{"0":"post-1613","1":"product","2":"type-product","3":"status-publish","4":"has-post-thumbnail","6":"product_cat-drske-za-valjak-i-teleskopi","7":"product_cat-licilacki-pribor","9":"first","10":"onbackorder","11":"shipping-taxable","12":"purchasable","13":"product-type-variable","14":"wvs-archive-product-wrapper"},"acf":[],"_links":{"self":[{"href":"http:\/\/consortium.ascentia.top\/sl\/wp-json\/wp\/v2\/product\/1613","targetHints":{"allow":["GET"]}}],"collection":[{"href":"http:\/\/consortium.ascentia.top\/sl\/wp-json\/wp\/v2\/product"}],"about":[{"href":"http:\/\/consortium.ascentia.top\/sl\/wp-json\/wp\/v2\/types\/product"}],"wp:featuredmedia":[{"embeddable":true,"href":"http:\/\/consortium.ascentia.top\/sl\/wp-json\/wp\/v2\/media\/1644"}],"wp:attachment":[{"href":"http:\/\/consortium.ascentia.top\/sl\/wp-json\/wp\/v2\/media?parent=1613"}],"wp:term":[{"taxonomy":"product_brand","embeddable":true,"href":"http:\/\/consortium.ascentia.top\/sl\/wp-json\/wp\/v2\/product_brand?post=1613"},{"taxonomy":"product_cat","embeddable":true,"href":"http:\/\/consortium.ascentia.top\/sl\/wp-json\/wp\/v2\/product_cat?post=1613"},{"taxonomy":"product_tag","embeddable":true,"href":"http:\/\/consortium.ascentia.top\/sl\/wp-json\/wp\/v2\/product_tag?post=1613"}],"curies":[{"name":"wp","href":"https:\/\/api.w.org\/{rel}","templated":true}]}}