{"id":1612,"date":"2021-06-09T11:35:32","date_gmt":"2021-06-09T11:35:32","guid":{"rendered":"https:\/\/consortium.ascentia.top\/?post_type=product&#038;p=1612"},"modified":"2025-05-07T14:01:17","modified_gmt":"2025-05-07T14:01:17","slug":"plosnati-kist-kana","status":"publish","type":"product","link":"http:\/\/consortium.ascentia.top\/sl\/trgovina\/licilacki-pribor\/kistovi-i-cetke-za-bojanje\/plosnati-kist-kana\/","title":{"rendered":"Plosnati kist"},"content":{"rendered":"<ul>\n<li>Kakovost: 6. razred<\/li>\n<li>Sestava \u010dopi\u010da: me\u0161anica naravnih in sinteti\u010dnih \u0161\u010detin<\/li>\n<li>Sestava \u010da\u0161ice: jeklena plo\u010devina<\/li>\n<li>Sastav ru\u010dke: plastika<\/li>\n<\/ul>","protected":false},"excerpt":{"rendered":"<p>Kvaliteta:\u00a0 6. razred Sastav \u010detke:\u00a0mje\u0161avina prirodne i sinteti\u010dke dlake Sastav \u010dahure: \u010deli\u010dni lim Sastav ru\u010dke: plastika<\/p>","protected":false},"featured_media":10457,"template":"","meta":[],"product_brand":[],"product_cat":[205,203],"product_tag":[],"class_list":{"0":"post-1612","1":"product","2":"type-product","3":"status-publish","4":"has-post-thumbnail","6":"product_cat-kistovi-i-cetke-za-bojanje","7":"product_cat-licilacki-pribor","9":"first","10":"onbackorder","11":"shipping-taxable","12":"purchasable","13":"product-type-variable","14":"wvs-archive-product-wrapper"},"acf":[],"_links":{"self":[{"href":"http:\/\/consortium.ascentia.top\/sl\/wp-json\/wp\/v2\/product\/1612","targetHints":{"allow":["GET"]}}],"collection":[{"href":"http:\/\/consortium.ascentia.top\/sl\/wp-json\/wp\/v2\/product"}],"about":[{"href":"http:\/\/consortium.ascentia.top\/sl\/wp-json\/wp\/v2\/types\/product"}],"wp:featuredmedia":[{"embeddable":true,"href":"http:\/\/consortium.ascentia.top\/sl\/wp-json\/wp\/v2\/media\/10457"}],"wp:attachment":[{"href":"http:\/\/consortium.ascentia.top\/sl\/wp-json\/wp\/v2\/media?parent=1612"}],"wp:term":[{"taxonomy":"product_brand","embeddable":true,"href":"http:\/\/consortium.ascentia.top\/sl\/wp-json\/wp\/v2\/product_brand?post=1612"},{"taxonomy":"product_cat","embeddable":true,"href":"http:\/\/consortium.ascentia.top\/sl\/wp-json\/wp\/v2\/product_cat?post=1612"},{"taxonomy":"product_tag","embeddable":true,"href":"http:\/\/consortium.ascentia.top\/sl\/wp-json\/wp\/v2\/product_tag?post=1612"}],"curies":[{"name":"wp","href":"https:\/\/api.w.org\/{rel}","templated":true}]}}