{"id":1261,"date":"2021-03-02T12:59:59","date_gmt":"2021-03-02T12:59:59","guid":{"rendered":"https:\/\/consortium.ascentia.top\/product\/import-placeholder-for-747\/"},"modified":"2025-02-11T15:36:45","modified_gmt":"2025-02-11T15:36:45","slug":"mp-sketchpaint","status":"publish","type":"product","link":"http:\/\/consortium.ascentia.top\/sl\/trgovina\/dekorativni-program\/magpaint\/mp-sketchpaint\/","title":{"rendered":"MP SketchPaint"},"content":{"rendered":"<p>SketchPaint 2K je 2-komponentan zavr\u0161ni premaz na bazi vode koji prakti\u010dki svaku glatku podlogu pretvara u 'dry-erase whiteboard' plo\u010du za pisanje nepermanentnim <a href=\"https:\/\/consortium.ascentia.top\/sl\/product\/mp-sketch-marker-pisi-brisi\/\" target=\"_blank\" rel=\"noopener\"><u>Sketch markerji pi\u0161i-bri\u0161i<\/u><\/a>, \u010diji tragovi se uklanjaju sa suhom mekom tkaninom. Nakon du\u017eeg kori\u0161tenja iste povr\u0161ine, ili na dijelovima povr\u0161ine koji nisu dovoljno glatki, eventualne zaostale tragove markera ukloniti sa sredstvom za \u010di\u0161\u0107enje u spreju <u><a href=\"https:\/\/consortium.ascentia.top\/sl\/product\/mp-sketch-cleaner-sprej-za-ciscenje\/\" target=\"_blank\" rel=\"noopener\">SketchCleaner Sprej Za \u010ci\u0161\u0107enje<\/a>.<\/u> \u0160to je zavr\u0161no gla\u0111a povr\u0161ina, lak\u0161e \u0107e biti izbrisati tragove markera. Ako \u017eelite da povr\u0161ina bude i magnetna, tada najprije kao podlogu nanesite <a href=\"https:\/\/consortium.ascentia.top\/sl\/product\/mp-magnetpaint\/\" target=\"_blank\" rel=\"noopener\"><u>MagnetPaint<\/u><\/a> ili MagnetPlaster proizvod. SketchPaint 2K je raspolo\u017eiv kao bijeli ili bezbojan premaz, oba u sjajnoj ili mat verziji odsjaja. Samo u verziji SketchPaint 2K Bijeli Mat premaz je prikladan za kori\u0161tenje i kao projekcijska povr\u0161ina (kao projekcijsko platno koje je ujedno i pi\u0161i-bri\u0161i povr\u0161ina).<\/p>\n<p><strong>Podro\u010dje uporabe:<\/strong><\/p>\n<p>U\u010dionice, uredi, zdravstvene institucije, konferencijske dvorane, galerije, kuhinje, dje\u010dje sobe, restorani, reklamni panoi, oglasne plo\u010de, zidni cjenici, info pultovi i sva ostala mjesta gdje je potrebna pi\u0161i-bri\u0161i povr\u0161ina za pisanje nepermanentnim markerima.<\/p>\n<p><strong>Poraba:<\/strong><\/p>\n<p>Teoretska pokrivnost, za jedan sloj: max. 6 m\u00b2\/lit za bijeli, a max. 8 m\u00b2\/lit za bezbojni.<\/p>\n<p><strong>Vsebnost \u0161kodljivih hlapnih organskih spojin:<\/strong><\/p>\n<p>EU grani\u010dna vrijednost za ovaj proizvod (2004\/42\/EC, kat. jWB, 2010): 140 g\/lit.<\/p>\n<p>Ta izdelek vsebuje: 0 g\/Lit HOS.<\/p>\n<p><strong>Odricanje od odgovornosti:<\/strong><\/p>\n<p>Kupec mora preu\u010diti vse tukaj navedene podatke o izdelku in si ogledati video z navodili za uporabo. \u010ce je potrebno, naj prek kontaktov na teh straneh zahteva dodatne informacije o izdelku in njegovi uporabi pred nakupom in\/ali uporabo. Navedene kvadrature pokrivnosti na liter so \u010dim bolj natan\u010dne, vendar okvirne, saj pokrivnost lahko variira glede na stanje podlage, absorpcijo povr\u0161ine, teksturo podlage in na\u010din nanosa. Vedno priporo\u010damo, da NAJPREJ opravite testni nanos na majhno povr\u0161ino in preverite, ali izdelek ustreza va\u0161im pri\u010dakovanjem. Nadaljujte z nanosom na celotno povr\u0161ino le, \u010de ste prepri\u010dani, da izdelek ustreza. Navedeni podatki o izdelku so podani v najbolj\u0161i nameri, vendar brez jamstva, saj je nanos in uporaba tega deklariranega naredi-sam izdelka zunaj na\u0161ega nadzora, kar kupec sprejme z nakupom.<\/p>\n<p>Proizvo\u0111a\u010d: MAGPAINT EUROPE b.v., Nizozemska ,<\/p>\n<p><a href=\"https:\/\/www.magpaint.com\/hr\/\" target=\"_blank\" rel=\"noopener\">http:\/\/www.magpaint.com\/hr\/<\/a><\/p>\n<p>Zemlja podrijetla: EU \u2013 Nizozemska<\/p>\n<p>Video:<\/p>\n<p><a href=\"https:\/\/www.youtube.com\/watch?v=ATd3hkjSLUI\" target=\"_blank\" rel=\"noopener\">https:\/\/www.youtube.com\/watch?v=ATd3hkjSLUI<\/a><\/p>","protected":false},"excerpt":{"rendered":"<p>SketchPaint 2K je 2-komponentan zavr\u0161ni premaz na bazi vode koji prakti\u010dki svaku glatku podlogu pretvara u 'dry-erase whiteboard' plo\u010du za pisanje nepermanentnim <a href=\"https:\/\/consortium.ascentia.top\/sl\/product\/mp-sketch-marker-pisi-brisi\/\" target=\"_blank\" rel=\"noopener\"><u>Sketch markerji pi\u0161i-bri\u0161i<\/u><\/a>.<\/p>","protected":false},"featured_media":1171,"template":"","meta":[],"product_brand":[],"product_cat":[186,292],"product_tag":[],"class_list":{"0":"post-1261","1":"product","2":"type-product","3":"status-publish","4":"has-post-thumbnail","6":"product_cat-dekorativni-program","7":"product_cat-magpaint","9":"first","10":"instock","11":"shipping-taxable","12":"purchasable","13":"product-type-variable","14":"wvs-archive-product-wrapper"},"acf":[],"_links":{"self":[{"href":"http:\/\/consortium.ascentia.top\/sl\/wp-json\/wp\/v2\/product\/1261","targetHints":{"allow":["GET"]}}],"collection":[{"href":"http:\/\/consortium.ascentia.top\/sl\/wp-json\/wp\/v2\/product"}],"about":[{"href":"http:\/\/consortium.ascentia.top\/sl\/wp-json\/wp\/v2\/types\/product"}],"wp:featuredmedia":[{"embeddable":true,"href":"http:\/\/consortium.ascentia.top\/sl\/wp-json\/wp\/v2\/media\/1171"}],"wp:attachment":[{"href":"http:\/\/consortium.ascentia.top\/sl\/wp-json\/wp\/v2\/media?parent=1261"}],"wp:term":[{"taxonomy":"product_brand","embeddable":true,"href":"http:\/\/consortium.ascentia.top\/sl\/wp-json\/wp\/v2\/product_brand?post=1261"},{"taxonomy":"product_cat","embeddable":true,"href":"http:\/\/consortium.ascentia.top\/sl\/wp-json\/wp\/v2\/product_cat?post=1261"},{"taxonomy":"product_tag","embeddable":true,"href":"http:\/\/consortium.ascentia.top\/sl\/wp-json\/wp\/v2\/product_tag?post=1261"}],"curies":[{"name":"wp","href":"https:\/\/api.w.org\/{rel}","templated":true}]}}