{"id":1259,"date":"2021-03-02T12:59:59","date_gmt":"2021-03-02T12:59:59","guid":{"rendered":"https:\/\/consortium.ascentia.top\/product\/import-placeholder-for-745\/"},"modified":"2025-05-07T14:01:24","modified_gmt":"2025-05-07T14:01:24","slug":"mp-sketch-cleaner-sprej-za-ciscenje","status":"publish","type":"product","link":"http:\/\/consortium.ascentia.top\/sl\/trgovina\/dekorativni-program\/magpaint\/mp-sketch-cleaner-sprej-za-ciscenje\/","title":{"rendered":"MP Sketch Cleaner sprej za \u010di\u0161\u010denje"},"content":{"rendered":"<p>MP Sketch Cleaner sprej za \u010di\u0161\u010denje je teko\u010de sredstvo v spreju za nego, vzdr\u017eevanje in, kadar je potrebno, temeljito \u010di\u0161\u010denje whiteboard povr\u0161in, premazanih z SketchPaint 1K in <a href=\"https:\/\/consortium.ascentia.top\/sl\/product\/mp-sketchpaint\/\" target=\"_blank\" rel=\"noopener\">SketchPaint 2K<\/a> pi\u0161i-bri\u0161i dry-erase barvami za nepermanentne <a href=\"https:\/\/consortium.ascentia.top\/sl\/product\/mp-sketch-marker-pisi-brisi\/\" target=\"_blank\" rel=\"noopener\">SketchMarkere<\/a>. Bolj gladka (bolje pripravljena) je pi\u0161i-bri\u0161i whiteboard povr\u0161ina, la\u017eje je odstraniti sledi pi\u0161i-bri\u0161i markerjev s suho krpo, zato je redkeje potrebno uporabljati Sketch Cleaner sprej za \u010di\u0161\u010denje \u2013 in obratno, na manj gladkih povr\u0161inah je uporaba pogostej\u0161a.<\/p>\n<p><strong>Podro\u010dje uporabe: <\/strong><\/p>\n<p>Dry-erase whiteboard bele table, ustvarjene z uporabo barv SketchPaint 1K in <a href=\"https:\/\/consortium.ascentia.top\/sl\/product\/mp-sketchpaint\/\" target=\"_blank\" rel=\"noopener\">SketchPaint 2K<\/a> barvami.<\/p>\n<p><strong>Uporaba:<\/strong><\/p>\n<p>Po\u0161pricajte po sledovih nepermanentnih markerjev na pi\u0161i-bri\u0161i whiteboard dry-erase povr\u0161ini. Po\u010dakajte pribli\u017eno 5 minut. Obri\u0161ite s suho mikrovlakensko krpo.<\/p>\n<p><strong>\u00a0<\/strong><strong>Odricanje od odgovornosti:<\/strong><\/p>\n<p>Kupec mora preu\u010diti vse tukaj navedene podatke o izdelku. \u010ce je potrebno, naj prek kontaktov na teh straneh zahteva dodatne informacije o izdelku in njegovi uporabi pred nakupom in\/ali uporabo izdelka. Vedno priporo\u010damo, da NAJPREJ opravite testni preizkus na manj\u0161i povr\u0161ini in preverite, ali izdelek ustreza va\u0161im pri\u010dakovanjem. Nadaljujte z uporabo le, \u010de ste prepri\u010dani, da izdelek ustreza. Navedeni podatki o izdelku so podani v najbolj\u0161i nameri, vendar brez jamstva, saj je uporaba tega izdelka zunaj na\u0161ega nadzora, kar kupec sprejme z nakupom.<\/p>\n<p><strong>\u00a0<\/strong>Proizvajalec: MAGPAINT EUROPE b.v., Nizozemska<\/p>\n<p><a href=\"https:\/\/www.magpaint.com\/hr\/\" target=\"_blank\" rel=\"noopener\">http:\/\/www.magpaint.com\/hr\/<\/a><\/p>\n<p>Dr\u017eava porekla: EU - Nizozemska<\/p>\n<p>&nbsp;<\/p>\n<p>&nbsp;<\/p>","protected":false},"excerpt":{"rendered":"<p>MP Sketch Cleaner sprej za \u010di\u0161\u0107enje je teku\u0107e sredstvo u spreju za njegovanje, odr\u017eavanje i, kada je potrebno, sna\u017eno \u010di\u0161\u0107enje whiteboard povr\u0161ina.<\/p>","protected":false},"featured_media":1134,"template":"","meta":[],"product_brand":[],"product_cat":[186,292],"product_tag":[],"class_list":{"0":"post-1259","1":"product","2":"type-product","3":"status-publish","4":"has-post-thumbnail","6":"product_cat-dekorativni-program","7":"product_cat-magpaint","9":"first","10":"instock","11":"shipping-taxable","12":"purchasable","13":"product-type-variable","14":"wvs-archive-product-wrapper"},"acf":[],"_links":{"self":[{"href":"http:\/\/consortium.ascentia.top\/sl\/wp-json\/wp\/v2\/product\/1259","targetHints":{"allow":["GET"]}}],"collection":[{"href":"http:\/\/consortium.ascentia.top\/sl\/wp-json\/wp\/v2\/product"}],"about":[{"href":"http:\/\/consortium.ascentia.top\/sl\/wp-json\/wp\/v2\/types\/product"}],"wp:featuredmedia":[{"embeddable":true,"href":"http:\/\/consortium.ascentia.top\/sl\/wp-json\/wp\/v2\/media\/1134"}],"wp:attachment":[{"href":"http:\/\/consortium.ascentia.top\/sl\/wp-json\/wp\/v2\/media?parent=1259"}],"wp:term":[{"taxonomy":"product_brand","embeddable":true,"href":"http:\/\/consortium.ascentia.top\/sl\/wp-json\/wp\/v2\/product_brand?post=1259"},{"taxonomy":"product_cat","embeddable":true,"href":"http:\/\/consortium.ascentia.top\/sl\/wp-json\/wp\/v2\/product_cat?post=1259"},{"taxonomy":"product_tag","embeddable":true,"href":"http:\/\/consortium.ascentia.top\/sl\/wp-json\/wp\/v2\/product_tag?post=1259"}],"curies":[{"name":"wp","href":"https:\/\/api.w.org\/{rel}","templated":true}]}}