{"id":1257,"date":"2021-03-02T12:59:59","date_gmt":"2021-03-02T12:59:59","guid":{"rendered":"https:\/\/consortium.ascentia.top\/product\/import-placeholder-for-743\/"},"modified":"2025-05-07T13:59:19","modified_gmt":"2025-05-07T13:59:19","slug":"mp-magnetni-spuzva-brojevi-set-108-kom","status":"publish","type":"product","link":"http:\/\/consortium.ascentia.top\/sl\/trgovina\/dekorativni-program\/magpaint\/mp-magnetni-spuzva-brojevi-set-108-kom\/","title":{"rendered":"MP Magnetna goba \u0161tevilke, set 108 kosov"},"content":{"rendered":"<p>MP Magnetna spu\u017eva \u0161tevila je komplet 100 raznobarvnih dekorativnih in izobra\u017eevalnih magnetov v obliki \u0161tevil iz pene. Izdelani so iz mehke, gladke, a izjemno trpe\u017ene in odporne pene, kar zagotavlja vi\u0161jo stopnjo varnosti pri otro\u0161ki igri v primerjavi z izdelki iz trdih materialov. Idealni so za uporabo na kovinskih tablah ali povr\u0161inah, premazanih z magnetno barvo MagnetPaint ali magnetnim finim ometom MagnetPlaster. Kombiniranje \u0161tevil in matemati\u010dnih znakov zlahka spodbudi otroke k u\u010denju skozi igro. Presene\u010deni boste, kako hitro otroci napredujejo v osnovah matematike, ko jim te predstavite na zabaven na\u010din!<\/p>\n<p><strong>Podro\u010dje uporabe:<\/strong><\/p>\n<p>U\u010dilnice, pisarne, zdravstvene ustanove, kuhinje, otro\u0161ke sobe, restavracije, knji\u017enice, vrtci, reklamni panoji, oglasne table, stenske cenike, informacijske to\u010dke in vsa druga mesta, kjer je potreben ta dekorativen in izobra\u017eevalen tip magneta.<\/p>\n<p>POZOR: Zaradi varnosti primerno za otroke od 3. leta starosti dalje.<\/p>\n<p><strong>\u00a0<\/strong><strong>Odricanje od odgovornosti:<\/strong><\/p>\n<p>Kupec mora preu\u010diti vse tukaj navedene podatke o izdelku in, \u010de je potrebno, zahtevati dodatne informacije o izdelku in njegovi uporabi prek kontaktov na teh straneh, \u0161e pred nakupom in\/ali uporabo izdelka. Priporo\u010damo, da VEDNO najprej opravite testni preizkus in preverite, ali izdelek izpolnjuje va\u0161a pri\u010dakovanja, in nadaljujete z uporabo le, \u010de ste prepri\u010dani, da ustreza va\u0161im zahtevam. Podani podatki o izdelku so navedeni v najbolj\u0161i nameri, vendar brez jamstva, saj uporaba tega izdelka ni pod na\u0161im nadzorom, kar kupec sprejme z nakupom.<\/p>\n<p><strong>\u00a0<\/strong>Proizvajalec: MAGPAINT EUROPE b.v., Nizozemska<\/p>\n<p><a href=\"https:\/\/www.magpaint.com\/hr\/\" target=\"_blank\" rel=\"noopener\">http:\/\/www.magpaint.com\/hr\/<\/a><\/p>\n<p>Dr\u017eava porekla: EU - Nizozemska<\/p>","protected":false},"excerpt":{"rendered":"<p>MP Magnetni spu\u017eva brojevi je set od 100 komada raznobojnih dekorativnih edukativnih magneta u obliku brojeva od spu\u017eve.<\/p>","protected":false},"featured_media":1124,"template":"","meta":[],"product_brand":[],"product_cat":[186,292],"product_tag":[],"class_list":{"0":"post-1257","1":"product","2":"type-product","3":"status-publish","4":"has-post-thumbnail","6":"product_cat-dekorativni-program","7":"product_cat-magpaint","9":"first","10":"onbackorder","11":"shipping-taxable","12":"purchasable","13":"product-type-simple"},"acf":[],"_links":{"self":[{"href":"http:\/\/consortium.ascentia.top\/sl\/wp-json\/wp\/v2\/product\/1257","targetHints":{"allow":["GET"]}}],"collection":[{"href":"http:\/\/consortium.ascentia.top\/sl\/wp-json\/wp\/v2\/product"}],"about":[{"href":"http:\/\/consortium.ascentia.top\/sl\/wp-json\/wp\/v2\/types\/product"}],"wp:featuredmedia":[{"embeddable":true,"href":"http:\/\/consortium.ascentia.top\/sl\/wp-json\/wp\/v2\/media\/1124"}],"wp:attachment":[{"href":"http:\/\/consortium.ascentia.top\/sl\/wp-json\/wp\/v2\/media?parent=1257"}],"wp:term":[{"taxonomy":"product_brand","embeddable":true,"href":"http:\/\/consortium.ascentia.top\/sl\/wp-json\/wp\/v2\/product_brand?post=1257"},{"taxonomy":"product_cat","embeddable":true,"href":"http:\/\/consortium.ascentia.top\/sl\/wp-json\/wp\/v2\/product_cat?post=1257"},{"taxonomy":"product_tag","embeddable":true,"href":"http:\/\/consortium.ascentia.top\/sl\/wp-json\/wp\/v2\/product_tag?post=1257"}],"curies":[{"name":"wp","href":"https:\/\/api.w.org\/{rel}","templated":true}]}}