{"id":1250,"date":"2021-03-02T12:59:58","date_gmt":"2021-03-02T12:59:58","guid":{"rendered":"https:\/\/consortium.ascentia.top\/product\/import-placeholder-for-736\/"},"modified":"2025-05-07T13:59:20","modified_gmt":"2025-05-07T13:59:20","slug":"mp-sketchkit","status":"publish","type":"product","link":"http:\/\/consortium.ascentia.top\/sl\/trgovina\/dekorativni-program\/magpaint\/mp-sketchkit\/","title":{"rendered":"Mp SketchKit"},"content":{"rendered":"<p><strong>Opis izdelka: <\/strong><\/p>\n<p>MP SketchKit je komplet, ki vsebuje:<\/p>\n<ol>\n<li>Sketch Marker pi\u0161i-bri\u0161i \u010drni,<\/li>\n<li>Sketch Marker pi\u0161i-bri\u0161i rde\u010d,<\/li>\n<li>Sketch Marker pi\u0161i-bri\u0161i moder,<\/li>\n<li>Sketch Markera pi\u0161i-bri\u0161i zelen,<\/li>\n<li>MagPaint originalna mikrofibra krpa za brisanje sledi Sketch Markerja,<\/li>\n<li>Sketch Cleaner sprej za \u010di\u0161\u010denje (0,125 L).<\/li>\n<\/ol>\n<p><strong>Podro\u010dje uporabe: <\/strong><\/p>\n<p>Idealen za\u010detni komplet, ki vklju\u010duje vse, kar potrebujete za uporabo (pisanje in brisanje) na dry-erase whiteboard pi\u0161i-bri\u0161i beli tabli, ustvarjeni s premazom SketchPaint 1K ali <a href=\"https:\/\/consortium.ascentia.top\/sl\/product\/mp-sketchpaint\/\" target=\"_blank\" rel=\"noopener\">SketchPaintom 2K<\/a>, ali na kateri koli podobni povr\u0161ini z enako funkcijo, po predhodnem testiranju zdru\u017eljivosti.<\/p>\n<p><strong>\u00a0<\/strong><strong>Odricanje od odgovornosti:<\/strong><\/p>\n<p>Kupec mora preu\u010diti vse tukaj navedene podatke o izdelku in, \u010de je potrebno, zahtevati dodatne informacije o izdelku in njegovi uporabi prek kontaktov na teh straneh, \u0161e pred nakupom in\/ali uporabo izdelka. Priporo\u010damo, da VEDNO najprej opravite testni preizkus na manj\u0161i povr\u0161ini in preverite, ali izdelek izpolnjuje va\u0161a pri\u010dakovanja, ter nadaljujete z uporabo le, \u010de ste prepri\u010dani, da ustreza va\u0161im zahtevam. Podani podatki o izdelku so navedeni v najbolj\u0161i nameri, vendar brez jamstva, saj uporaba tega izdelka ni pod na\u0161im nadzorom, kar kupec sprejme z nakupom.<\/p>\n<p><strong>\u00a0<\/strong>Proizvajalec: MAGPAINT EUROPE b.v., Nizozemska<\/p>\n<p><a href=\"http:\/\/www.magpaint.com\/hr\/\" target=\"_blank\" rel=\"noopener\">http:\/\/www.magpaint.com\/hr\/<\/a><\/p>\n<p>Dr\u017eava porekla: EU - Nizozemska<\/p>","protected":false},"excerpt":{"rendered":"<p>Idealan starter-set koji sadr\u017ei sve \u0161to je potrebno za kori\u0161tenje dry-erase whiteboard pi\u0161i-bri\u0161i bijele plo\u010de.<\/p>","protected":false},"featured_media":1088,"template":"","meta":[],"product_brand":[],"product_cat":[186,292],"product_tag":[],"class_list":{"0":"post-1250","1":"product","2":"type-product","3":"status-publish","4":"has-post-thumbnail","6":"product_cat-dekorativni-program","7":"product_cat-magpaint","9":"first","10":"instock","11":"shipping-taxable","12":"purchasable","13":"product-type-simple"},"acf":[],"_links":{"self":[{"href":"http:\/\/consortium.ascentia.top\/sl\/wp-json\/wp\/v2\/product\/1250","targetHints":{"allow":["GET"]}}],"collection":[{"href":"http:\/\/consortium.ascentia.top\/sl\/wp-json\/wp\/v2\/product"}],"about":[{"href":"http:\/\/consortium.ascentia.top\/sl\/wp-json\/wp\/v2\/types\/product"}],"wp:featuredmedia":[{"embeddable":true,"href":"http:\/\/consortium.ascentia.top\/sl\/wp-json\/wp\/v2\/media\/1088"}],"wp:attachment":[{"href":"http:\/\/consortium.ascentia.top\/sl\/wp-json\/wp\/v2\/media?parent=1250"}],"wp:term":[{"taxonomy":"product_brand","embeddable":true,"href":"http:\/\/consortium.ascentia.top\/sl\/wp-json\/wp\/v2\/product_brand?post=1250"},{"taxonomy":"product_cat","embeddable":true,"href":"http:\/\/consortium.ascentia.top\/sl\/wp-json\/wp\/v2\/product_cat?post=1250"},{"taxonomy":"product_tag","embeddable":true,"href":"http:\/\/consortium.ascentia.top\/sl\/wp-json\/wp\/v2\/product_tag?post=1250"}],"curies":[{"name":"wp","href":"https:\/\/api.w.org\/{rel}","templated":true}]}}