{"id":1246,"date":"2021-03-02T12:59:58","date_gmt":"2021-03-02T12:59:58","guid":{"rendered":"https:\/\/consortium.ascentia.top\/product\/import-placeholder-for-732\/"},"modified":"2025-05-07T13:58:42","modified_gmt":"2025-05-07T13:58:42","slug":"id-perle-de-verre-1-l","status":"publish","type":"product","link":"http:\/\/consortium.ascentia.top\/sl\/trgovina\/dekorativni-program\/dekorativne-boje-za-zidove-i-dodaci\/id-perle-de-verre-1-l\/","title":{"rendered":"id PERLE de VERRE 1 L"},"content":{"rendered":"<p>Brezbarvne prosojne peskaste perlice za dodajanje v stenske barve. Nekoliko ve\u010dje granulacije kot izdelek <a href=\"https:\/\/consortium.ascentia.top\/sl\/product\/id-perle-do-soie-200-ml\/\" target=\"_blank\" rel=\"noopener\"><u>'id Perles de Soie'<\/u><\/a>.<\/p>\n<p>Univerzalni aditiv, ki ga je mogo\u010de dodajati v vse akrilne barve na vodni osnovi, za ustvarjanje u\u010dinka peska na stenah. Glede na svetlobo ustvarja razli\u010dne vizualne u\u010dinke.<\/p>\n<p>Idealen aditiv za oblikovalski barvi <a href=\"https:\/\/consortium.ascentia.top\/sl\/product\/id-pur-metal\/\" target=\"_blank\" rel=\"noopener\"><u>'id Pur Metal'<\/u><\/a> in <a href=\"https:\/\/consortium.ascentia.top\/sl\/product\/id-paillett-zidni-2-l\/\" target=\"_blank\" rel=\"noopener\"><u>'id Paillett stenski'<\/u><\/a><\/p>\n<p>Omejitev odgovornosti: Z velikim ob\u010dutkom smo pripravili to ponudbo, vendar je va\u0161a odgovornost kot kupca, da preberete vse tukaj navedene informacije o izdelku, si ogledate videoposnetek uporabe, \u010de je na teh straneh na voljo, in \u010de je potrebno, na zahtevo prek kontaktov, navedenih na teh straneh, poi\u0161\u010dete dodatne podatke o izdelku in uporabi izdelka, pred naro\u010dilom, nakupom in\/ali uporabo tega. Navedene kvadrature pokritosti na liter izdelka so najnatan\u010dnej\u0161e mogo\u010de, vendar pribli\u017ene, saj se lahko pokritost ob\u010dutno razlikuje glede na stanje podlage, absorpcijo povr\u0161ine, teksturo podlage in na\u010din nanosa. Prikazi barv in u\u010dinkov izdelka na zaslonu so kar se da blizu dejanskim, vendar zaradi tehni\u010dnih omejitev prikaza na zaslonu morda niso 100 % dejanski, zato ne jam\u010dimo, da bo kon\u010dni rezultat uporabe izdelka enak tistemu, ki je prikazan na zaslonu. Vsekakor priporo\u010damo, da vedno najprej izvedete test s testnim nanosom izdelka na manj\u0161o povr\u0161ino in tako preverite, ali izdelek ustreza va\u0161im pri\u010dakovanjem, \u0161ele potem, ko ste prepri\u010dani, da ustreza, nadaljujte z nanosom na celotno povr\u0161ino. Ponudba in specifikacije izdelka so dane v najbolj\u0161i veri, glede na razpolo\u017eljive podatke, vendar brez jamstva, saj je nana\u0161anje in uporaba tega deklariranega \"naredi sam\" izdelka izven na\u0161e kontrole, s \u010dimer se strinjate in sprejmete z naro\u010dilom in\/ali nakupom.<\/p>\n<p>Proizvajalec<u>:<\/u> INITIATIVES DECORATION \u2013 FRANCIA<\/p>\n<p>Dr\u017eava porekla: EU - Francija<\/p>","protected":false},"excerpt":{"rendered":"<p>Bezbojne prozirne pjeskaste perlice za dodavanje u boje za zidove.<\/p>","protected":false},"featured_media":1079,"template":"","meta":[],"product_brand":[],"product_cat":[188,186],"product_tag":[],"class_list":{"0":"post-1246","1":"product","2":"type-product","3":"status-publish","4":"has-post-thumbnail","6":"product_cat-dekorativne-boje-za-zidove-i-dodaci","7":"product_cat-dekorativni-program","9":"first","10":"instock","11":"shipping-taxable","12":"purchasable","13":"product-type-simple"},"acf":[],"_links":{"self":[{"href":"http:\/\/consortium.ascentia.top\/sl\/wp-json\/wp\/v2\/product\/1246","targetHints":{"allow":["GET"]}}],"collection":[{"href":"http:\/\/consortium.ascentia.top\/sl\/wp-json\/wp\/v2\/product"}],"about":[{"href":"http:\/\/consortium.ascentia.top\/sl\/wp-json\/wp\/v2\/types\/product"}],"wp:featuredmedia":[{"embeddable":true,"href":"http:\/\/consortium.ascentia.top\/sl\/wp-json\/wp\/v2\/media\/1079"}],"wp:attachment":[{"href":"http:\/\/consortium.ascentia.top\/sl\/wp-json\/wp\/v2\/media?parent=1246"}],"wp:term":[{"taxonomy":"product_brand","embeddable":true,"href":"http:\/\/consortium.ascentia.top\/sl\/wp-json\/wp\/v2\/product_brand?post=1246"},{"taxonomy":"product_cat","embeddable":true,"href":"http:\/\/consortium.ascentia.top\/sl\/wp-json\/wp\/v2\/product_cat?post=1246"},{"taxonomy":"product_tag","embeddable":true,"href":"http:\/\/consortium.ascentia.top\/sl\/wp-json\/wp\/v2\/product_tag?post=1246"}],"curies":[{"name":"wp","href":"https:\/\/api.w.org\/{rel}","templated":true}]}}