{"id":1244,"date":"2021-03-02T12:59:57","date_gmt":"2021-03-02T12:59:57","guid":{"rendered":"https:\/\/consortium.ascentia.top\/product\/import-placeholder-for-730\/"},"modified":"2025-05-07T13:58:44","modified_gmt":"2025-05-07T13:58:44","slug":"id-zastitna-zidna-uni-perla-saten-1-l","status":"publish","type":"product","link":"http:\/\/consortium.ascentia.top\/sl\/trgovina\/dekorativni-program\/dekorativne-boje-za-zidove-i-dodaci\/id-zastitna-zidna-uni-perla-saten-1-l\/","title":{"rendered":"id Za\u0161\u010ditna Stenska Uni Perla Saten 1 L"},"content":{"rendered":"<p>Univerzalen prozoren perla sedefast zaklju\u010dni premaz. Primeren za vse stenske barve na vodni osnovi, ne glede na proizvajalca, ki kot zaklju\u010dni povr\u0161inski premaz \u0161\u010diti pred vpijanjem vode in gospodinjskimi made\u017ei. Ob\u010dasno lahko rahlo potemni odtenek podlage.<\/p>\n<p>Idealen za za\u0161\u010dito \u017ee nanesenih barv (v kateremkoli odtenku) na stene kopalnic (ne v tu\u0161 coni) in kuhinj.<\/p>\n<p>Brezbarven akrilni premaz na vodni osnovi za notranje stene. Naredi sam uporaba.<\/p>\n<p>Satenasti polmat videz.<\/p>\n<p>Poraba: 1 liter = teoreti\u010dno 10 do 20 m\u00b2 za 1 tanek sloj na izjemno gladkih in slabo vpojnih podlagah, zelo odvisno od podlage, orodja in na\u010dina nanosa. Natan\u010dno porabo dolo\u010dite s testnim nanosom na manj\u0161i za\u010detni povr\u0161ini.<\/p>\n<p>Ni primeren za tla ali povr\u0161ine, kjer se zadr\u017euje voda (kadi, umivalniki, bazeni ...).<\/p>\n<p>Ta izdelek je deklariran za Naredi-sam uporabo, saj ni nevaren za zdravje pri name\u0161\u010danju v notranjih prostorih in ne zahteva posebne profesionalne opreme ali varnostnih za\u0161\u010ditnih sredstev, zato za ta izdelek ni licenciranega izvajalca ali nadzora pri namestitvi s strani proizvajalca.<\/p>\n<p>Omejitev odgovornosti: Z velikim ob\u010dutkom smo pripravili to ponudbo, vendar je va\u0161a odgovornost kot kupca, da preberete vse tukaj navedene informacije o izdelku, si ogledate videoposnetek uporabe, \u010de je na teh straneh na voljo, in \u010de je potrebno, na zahtevo prek kontaktov, navedenih na teh straneh, poi\u0161\u010dete dodatne podatke o izdelku in uporabi izdelka, pred naro\u010dilom, nakupom in\/ali uporabo tega. Navedene kvadrature pokritosti na liter izdelka so najnatan\u010dnej\u0161e mogo\u010de, vendar pribli\u017ene, saj se lahko pokritost ob\u010dutno razlikuje glede na stanje podlage, absorpcijo povr\u0161ine, teksturo podlage in na\u010din nanosa. Prikazi barv in u\u010dinkov izdelka na zaslonu so kar se da blizu dejanskim, vendar zaradi tehni\u010dnih omejitev prikaza na zaslonu morda niso 100 % dejanski, zato ne jam\u010dimo, da bo kon\u010dni rezultat uporabe izdelka enak tistemu, ki je prikazan na zaslonu. Vsekakor priporo\u010damo, da vedno najprej izvedete test s testnim nanosom izdelka na manj\u0161o povr\u0161ino in tako preverite, ali izdelek ustreza va\u0161im pri\u010dakovanjem, \u0161ele potem, ko ste prepri\u010dani, da ustreza, nadaljujte z nanosom na celotno povr\u0161ino. Ponudba in specifikacije izdelka so dane v najbolj\u0161i veri, glede na razpolo\u017eljive podatke, vendar brez jamstva, saj je nana\u0161anje in uporaba tega deklariranega \"naredi sam\" izdelka izven na\u0161e kontrole, s \u010dimer se strinjate in sprejmete z naro\u010dilom in\/ali nakupom.<\/p>\n<p>Proizvajalec: INITIATIVES DECORATION \u2013 FRANCIA <a href=\"http:\/\/www.id-paris.com\" target=\"_blank\" rel=\"noopener\">www.id-paris.com<\/a><\/p>\n<p>Dr\u017eava porekla: EU - Francija<\/p>","protected":false},"excerpt":{"rendered":"<p>Univerzalan perla sedefasti proziran zavr\u0161ni povr\u0161inski premaz.<\/p>","protected":false},"featured_media":1077,"template":"","meta":[],"product_brand":[],"product_cat":[188,186],"product_tag":[],"class_list":{"0":"post-1244","1":"product","2":"type-product","3":"status-publish","4":"has-post-thumbnail","6":"product_cat-dekorativne-boje-za-zidove-i-dodaci","7":"product_cat-dekorativni-program","9":"first","10":"onbackorder","11":"shipping-taxable","12":"purchasable","13":"product-type-simple"},"acf":[],"_links":{"self":[{"href":"http:\/\/consortium.ascentia.top\/sl\/wp-json\/wp\/v2\/product\/1244","targetHints":{"allow":["GET"]}}],"collection":[{"href":"http:\/\/consortium.ascentia.top\/sl\/wp-json\/wp\/v2\/product"}],"about":[{"href":"http:\/\/consortium.ascentia.top\/sl\/wp-json\/wp\/v2\/types\/product"}],"wp:featuredmedia":[{"embeddable":true,"href":"http:\/\/consortium.ascentia.top\/sl\/wp-json\/wp\/v2\/media\/1077"}],"wp:attachment":[{"href":"http:\/\/consortium.ascentia.top\/sl\/wp-json\/wp\/v2\/media?parent=1244"}],"wp:term":[{"taxonomy":"product_brand","embeddable":true,"href":"http:\/\/consortium.ascentia.top\/sl\/wp-json\/wp\/v2\/product_brand?post=1244"},{"taxonomy":"product_cat","embeddable":true,"href":"http:\/\/consortium.ascentia.top\/sl\/wp-json\/wp\/v2\/product_cat?post=1244"},{"taxonomy":"product_tag","embeddable":true,"href":"http:\/\/consortium.ascentia.top\/sl\/wp-json\/wp\/v2\/product_tag?post=1244"}],"curies":[{"name":"wp","href":"https:\/\/api.w.org\/{rel}","templated":true}]}}