{"id":1234,"date":"2021-03-02T12:59:34","date_gmt":"2021-03-02T12:59:34","guid":{"rendered":"https:\/\/consortium.ascentia.top\/product\/import-placeholder-for-720\/"},"modified":"2025-05-07T14:01:15","modified_gmt":"2025-05-07T14:01:15","slug":"id-paillett-zidni-2-l","status":"publish","type":"product","link":"http:\/\/consortium.ascentia.top\/sl\/trgovina\/dekorativni-program\/dekorativne-boje-za-zidove-i-dodaci\/id-paillett-zidni-2-l\/","title":{"rendered":"id Paillett stenski 2 L"},"content":{"rendered":"<p>\u2018id\u2019 PAILLETT\u2019 2 L<\/p>\n<p>Oblikovalska mat barva z \u017ee dodanimi ble\u0161\u010dicami za intenziven svetle\u010di glitter efekt.<\/p>\n<p>Za stene in les.<\/p>\n<p>Akrilna barva, ki se hitro su\u0161i, na vodni osnovi. Perljivost: odporna na mokro drgnjenje. Ni primerna za zunanjo uporabo. <em>DIY<\/em> uporaba, nana\u0161anje v enem sloju.<\/p>\n<p>Ne razred\u010duje se, \u010de je nujno, jo je mogo\u010de razred\u010diti z do 3% vode.<\/p>\n<p>Poraba: 2L = teoreti\u010dno do 15 m2, za 1 sloj na izjemno gladki nasi\u010deni podlagi. To\u010dno porabo dolo\u010dite z vzor\u010denjem na manj\u0161em za\u010detnem obmo\u010dju.<\/p>\n<p>Ta izdelek je deklariran za DIY (naredi sam) uporabo, saj je pripravljen za uporabo neposredno iz embala\u017ee in ne zahteva strokovne obdelave pred nana\u0161anjem, ni nevaren za zdravje pri uporabi v notranjih prostorih in ne zahteva posebne profesionalne opreme ali za\u0161\u010dite. Zato za ta izdelek ni licenciranega izvajalca ali nadzora pri namestitvi s strani proizvajalca.<\/p>\n<p>Izjava o omejitvi odgovornosti: Ponudba je bila pripravljena z veliko pozornostjo, vendar je odgovornost kupca, da prebere vse tukaj navedene podatke o izdelku, si ogleda video navodila za uporabo, \u010de je na voljo na teh straneh, in po potrebi, na zahtevo prek kontaktov, navedenih na teh straneh, zahteva dodatne informacije o izdelku in njegovi uporabi, preden odda naro\u010dilo, opravi nakup in\/ali uporablja izdelek. Navedene povr\u0161ine pokritosti na liter izdelka so \u010dim natan\u010dnej\u0161e, vendar so pribli\u017ene, saj se prekrivnost lahko znatno spreminja glede na stanje podlage, vpijanje, teksturo podlage in na\u010din nana\u0161anja. Prikaz barv in u\u010dinkov izdelka na zaslonu je \u010dim bli\u017eje dejanskim, vendar zaradi tehni\u010dnih omejitev zaslona ni mogo\u010de zagotoviti 100% natan\u010dnosti, zato ne jam\u010dimo, da bo kon\u010dni rezultat uporabljenega izdelka enak tistemu, prikazanemu na zaslonu. Priporo\u010damo, da VEDNO najprej opravite test na manj\u0161ih povr\u0161inah, da preverite, ali izdelek ustreza va\u0161im pri\u010dakovanjem, in \u0161ele, ko ste prepri\u010dani, da izdelek izpolnjuje va\u0161a pri\u010dakovanja, nadaljujte z nana\u0161anjem na celotno povr\u0161ino. Navedena ponudba in specifikacije izdelka so dane v najbolj\u0161i veri, na podlagi na\u0161ih razpolo\u017eljivih informacij, vendar brez jamstva, saj je nana\u0161anje in uporaba tega izdelka, ki je deklariran kot izdelek za samostojno uporabo, izven na\u0161ega nadzora, s \u010dimer se strinjate in sprejemate ob oddaji naro\u010dila in\/ali nakupu.<\/p>\n<p>Proizvajalec: INITIATIVES DECORATION \u2013 FRANCIA<\/p>\n<p><a href=\"http:\/\/www.id-paris.com\" target=\"_blank\" rel=\"noopener\">www.id-paris.com<\/a><\/p>\n<p>Dr\u017eava porekla: EU \u2013 Francija<\/p>\n<p>Video uporabe:<\/p>\n<p>&nbsp;<\/p>\n<p><iframe loading=\"lazy\" title=\"ID - Paillett&#039; GB\" width=\"500\" height=\"281\" src=\"https:\/\/www.youtube.com\/embed\/1UO_RpTThn4?feature=oembed\" frameborder=\"0\" allow=\"accelerometer; autoplay; clipboard-write; encrypted-media; gyroscope; picture-in-picture; web-share\" referrerpolicy=\"strict-origin-when-cross-origin\" allowfullscreen><\/iframe><\/p>\n<p>&nbsp;<\/p>","protected":false},"excerpt":{"rendered":"<p>Oblikovalska mat barva z \u017ee dodanimi ble\u0161\u010dicami za intenziven svetle\u010di glitter efekt.<\/p>","protected":false},"featured_media":974,"template":"","meta":[],"product_brand":[],"product_cat":[188,186],"product_tag":[],"class_list":{"0":"post-1234","1":"product","2":"type-product","3":"status-publish","4":"has-post-thumbnail","6":"product_cat-dekorativne-boje-za-zidove-i-dodaci","7":"product_cat-dekorativni-program","9":"first","10":"instock","11":"shipping-taxable","12":"purchasable","13":"product-type-variable","14":"wvs-archive-product-wrapper"},"acf":[],"_links":{"self":[{"href":"http:\/\/consortium.ascentia.top\/sl\/wp-json\/wp\/v2\/product\/1234","targetHints":{"allow":["GET"]}}],"collection":[{"href":"http:\/\/consortium.ascentia.top\/sl\/wp-json\/wp\/v2\/product"}],"about":[{"href":"http:\/\/consortium.ascentia.top\/sl\/wp-json\/wp\/v2\/types\/product"}],"wp:featuredmedia":[{"embeddable":true,"href":"http:\/\/consortium.ascentia.top\/sl\/wp-json\/wp\/v2\/media\/974"}],"wp:attachment":[{"href":"http:\/\/consortium.ascentia.top\/sl\/wp-json\/wp\/v2\/media?parent=1234"}],"wp:term":[{"taxonomy":"product_brand","embeddable":true,"href":"http:\/\/consortium.ascentia.top\/sl\/wp-json\/wp\/v2\/product_brand?post=1234"},{"taxonomy":"product_cat","embeddable":true,"href":"http:\/\/consortium.ascentia.top\/sl\/wp-json\/wp\/v2\/product_cat?post=1234"},{"taxonomy":"product_tag","embeddable":true,"href":"http:\/\/consortium.ascentia.top\/sl\/wp-json\/wp\/v2\/product_tag?post=1234"}],"curies":[{"name":"wp","href":"https:\/\/api.w.org\/{rel}","templated":true}]}}