{"id":1232,"date":"2021-03-02T12:59:33","date_gmt":"2021-03-02T12:59:33","guid":{"rendered":"https:\/\/consortium.ascentia.top\/product\/import-placeholder-for-718\/"},"modified":"2025-05-07T13:58:40","modified_gmt":"2025-05-07T13:58:40","slug":"id-pailet-sljokice-srebrne","status":"publish","type":"product","link":"http:\/\/consortium.ascentia.top\/sl\/trgovina\/dekorativni-program\/dekorativne-boje-za-zidove-i-dodaci\/id-pailet-sljokice-srebrne\/","title":{"rendered":"id Pailet srebrne ble\u0161\u010dice"},"content":{"rendered":"<p>'id' PAILET SREBRNE BLE\u0160\u010cICE 80gr<\/p>\n<p>Glitter dodatek za barve in laki - ble\u0161\u010dice za barvo ali lak na vodni ali akrilni osnovi. 100 % \u010diste ble\u0161\u010dice v prahu brez dodatka gela ali drugih volumskih polnil. Naj\u010distej\u0161i univerzalni 'naredi-sam' dodatek barvam in lakom za ustvarjanje barve z intenzivnim glitter svetle\u010dim u\u010dinkom.<\/p>\n<p>Namenjene so za uporabo s prekrivnimi, polprosojnimi in prosojnimi barvami in laki, ki so lahko mat, polmat, polsijajni ali sijajni, in jih spreminjajo v glitter barvo z ble\u0161\u010dicami.<\/p>\n<p>NASVET 'id Paris' OBLIKOVALCA: barva z dodanimi 'id Pailet Srebrnimi Ble\u0161\u010dicami' vizualno pove\u010duje povr\u0161ino, zato je idealna tudi za manj\u0161e prostore ali stene, ki bodo videti ve\u010dje. Ta zna\u010dilnost bo centralni steni v prostoru, obarvani z barvo in dodanimi 'id Pailet Srebrnimi Ble\u0161\u010dicami', dala eleganten poudarek. Za izkori\u0161\u010danje polnega glitter u\u010dinka va\u0161ega zidu, obarvanega z barvo z dodanimi 'id Pailet Srebrnimi Ble\u0161\u010dicami', priporo\u010damo, da ob stran postavite svetilko, usmerjeno vzporedno s steno \u2013 presene\u010deni boste nad razliko v glitter u\u010dinku glede na druge polo\u017eaje osvetlitve, \u0161e posebej, ko se premikate pred tem zidom!<\/p>\n<p>Poraba: 80 gr Pailet Srebrnih Ble\u0161\u010dic (1 pakiranje) je optimalno za 2 do 3 litre barve ali laka.<\/p>\n<p>Priprava: Vse\u017eite v barvo ali lak ali lazuro in dobro preme\u0161ajte.<\/p>\n<p>Uporaba: Barvo z vme\u0161animi Pailet Srebrnimi Ble\u0161\u010dicami nanesite v roku najkasneje 48 ur po me\u0161anju.<\/p>\n<p>Po \u017eelji: Z dodajanjem ve\u010dje koli\u010dine ble\u0161\u010dic v barvo ustvarimo \u0161e bolj intenziven svetle\u010d u\u010dinek.<\/p>\n<p>Pozor: Ne vdihavati. Dekorativni izdelek. Ne nana\u0161ati na ko\u017eo.<\/p>\n<p>Pred uporabo temeljito preberite zgoraj navedena navodila za uporabo. \u010ce imate vpra\u0161anja o uporabi tega izdelka, nas kontaktirajte preko kontaktov na tej spletni strani pred nakupom. Vedno najprej opravite preizkus zdru\u017eljivosti z manj\u0161im odmerkom izbrane barve ali laka na za\u010detni manj\u0161em obmo\u010dju, nato pa nadaljujte z nanosom na celotno povr\u0161ino le, \u010de je rezultat preizkusa zadovoljiv. Ta izdelek je ozna\u010den kot 'naredi-sam', saj je pripravljen za uporabo neposredno iz embala\u017ee in ne zahteva strokovne obdelave pred uporabo, niti nujno strokovnega orodja in\/ali strokovne za\u0161\u010ditne opreme, zato za ta izdelek ni licenciranega strokovnega izvajalca in\/ali nadzora pri namestitvi. Glede na zgoraj navedeno je namestitev tega 'naredi-sam' izdelka izven nadzora proizvajalca, zato na izdelek ni jamstev, kar kupec sprejema s nakupom.<\/p>\n<p>Proizvajalec: \u2018id Paris\u2019, Francija<\/p>\n<p><a href=\"http:\/\/www.id-paris.com\" target=\"_blank\" rel=\"noopener\">www.id-paris.com<\/a><\/p>\n<p>Dr\u017eava porekla: EU - Francija<\/p>","protected":false},"excerpt":{"rendered":"<p>Glitter dodatak za boju i lak - \u0161ljokice za boju ili lak na bazi vode ili akrila.<\/p>","protected":false},"featured_media":969,"template":"","meta":[],"product_brand":[],"product_cat":[188,186],"product_tag":[],"class_list":{"0":"post-1232","1":"product","2":"type-product","3":"status-publish","4":"has-post-thumbnail","6":"product_cat-dekorativne-boje-za-zidove-i-dodaci","7":"product_cat-dekorativni-program","9":"first","10":"onbackorder","11":"shipping-taxable","12":"purchasable","13":"product-type-simple"},"acf":[],"_links":{"self":[{"href":"http:\/\/consortium.ascentia.top\/sl\/wp-json\/wp\/v2\/product\/1232","targetHints":{"allow":["GET"]}}],"collection":[{"href":"http:\/\/consortium.ascentia.top\/sl\/wp-json\/wp\/v2\/product"}],"about":[{"href":"http:\/\/consortium.ascentia.top\/sl\/wp-json\/wp\/v2\/types\/product"}],"wp:featuredmedia":[{"embeddable":true,"href":"http:\/\/consortium.ascentia.top\/sl\/wp-json\/wp\/v2\/media\/969"}],"wp:attachment":[{"href":"http:\/\/consortium.ascentia.top\/sl\/wp-json\/wp\/v2\/media?parent=1232"}],"wp:term":[{"taxonomy":"product_brand","embeddable":true,"href":"http:\/\/consortium.ascentia.top\/sl\/wp-json\/wp\/v2\/product_brand?post=1232"},{"taxonomy":"product_cat","embeddable":true,"href":"http:\/\/consortium.ascentia.top\/sl\/wp-json\/wp\/v2\/product_cat?post=1232"},{"taxonomy":"product_tag","embeddable":true,"href":"http:\/\/consortium.ascentia.top\/sl\/wp-json\/wp\/v2\/product_tag?post=1232"}],"curies":[{"name":"wp","href":"https:\/\/api.w.org\/{rel}","templated":true}]}}