{"id":1230,"date":"2021-03-02T12:59:33","date_gmt":"2021-03-02T12:59:33","guid":{"rendered":"https:\/\/consortium.ascentia.top\/product\/import-placeholder-for-716\/"},"modified":"2025-05-07T14:01:15","modified_gmt":"2025-05-07T14:01:15","slug":"id-loft-metalizator-0-6-l","status":"publish","type":"product","link":"http:\/\/consortium.ascentia.top\/sl\/trgovina\/dekorativni-program\/dekorativne-boje-za-zidove-i-dodaci\/id-loft-metalizator-0-6-l\/","title":{"rendered":"id LOFT Metalizator 0.6 L"},"content":{"rendered":"<p><strong>'id LOFT METALIZATOR' 0.6 L <\/strong><\/p>\n<p>Metalizirajo\u010da za\u0161\u010dita in kon\u010dni premaz za <a href=\"https:\/\/consortium.ascentia.top\/sl\/product\/id-loft-metal-baza-2-l\/\" target=\"_blank\" rel=\"noopener\">'id Loft Metal Baza'<\/a>.<\/p>\n<p>U\u010dinek metaliziranega betona za industrijski slog v notranjosti.<\/p>\n<p>Akrilna uradi-sam barva na vodni osnovi. Za notranjo uporabo. Ni primerna za tla.<\/p>\n<p>Poraba: 0,6 litra = teoreti\u010dno 8 do 12 m\u00b2 (1 tanko plast), odvisno od nanosa, natan\u010dno porabo dolo\u010dite z testnim nanosom.<\/p>\n<p>Toni na ekranu, prikazani na barvni kartici, morda ne bodo 100 % identi\u010dni dejanskemu izdelku zaradi omejenih tehni\u010dnih mo\u017enosti prikaza barvnega spektra na razli\u010dnih zaslonih.<\/p>\n<p>Za ta uradi-sam izdelek ni licenciranega izvajalca in\/ali nadzora pri namestitvi, zato je namestitev tega izdelka izven nadzora proizvajalca in ni jamstva za videz, porabo in\/ali funkcionalnost izdelka po namestitvi.<\/p>\n<p>&nbsp;<\/p>","protected":false},"excerpt":{"rendered":"<p>Metaliziraju\u0107i za\u0161titni perivi zavr\u0161ni premaz.<\/p>","protected":false},"featured_media":924,"template":"","meta":[],"product_brand":[],"product_cat":[188,186],"product_tag":[],"class_list":{"0":"post-1230","1":"product","2":"type-product","3":"status-publish","4":"has-post-thumbnail","6":"product_cat-dekorativne-boje-za-zidove-i-dodaci","7":"product_cat-dekorativni-program","9":"first","10":"instock","11":"shipping-taxable","12":"purchasable","13":"product-type-variable","14":"wvs-archive-product-wrapper"},"acf":[],"_links":{"self":[{"href":"http:\/\/consortium.ascentia.top\/sl\/wp-json\/wp\/v2\/product\/1230","targetHints":{"allow":["GET"]}}],"collection":[{"href":"http:\/\/consortium.ascentia.top\/sl\/wp-json\/wp\/v2\/product"}],"about":[{"href":"http:\/\/consortium.ascentia.top\/sl\/wp-json\/wp\/v2\/types\/product"}],"wp:featuredmedia":[{"embeddable":true,"href":"http:\/\/consortium.ascentia.top\/sl\/wp-json\/wp\/v2\/media\/924"}],"wp:attachment":[{"href":"http:\/\/consortium.ascentia.top\/sl\/wp-json\/wp\/v2\/media?parent=1230"}],"wp:term":[{"taxonomy":"product_brand","embeddable":true,"href":"http:\/\/consortium.ascentia.top\/sl\/wp-json\/wp\/v2\/product_brand?post=1230"},{"taxonomy":"product_cat","embeddable":true,"href":"http:\/\/consortium.ascentia.top\/sl\/wp-json\/wp\/v2\/product_cat?post=1230"},{"taxonomy":"product_tag","embeddable":true,"href":"http:\/\/consortium.ascentia.top\/sl\/wp-json\/wp\/v2\/product_tag?post=1230"}],"curies":[{"name":"wp","href":"https:\/\/api.w.org\/{rel}","templated":true}]}}