{"id":1229,"date":"2021-03-02T12:59:33","date_gmt":"2021-03-02T12:59:33","guid":{"rendered":"https:\/\/consortium.ascentia.top\/product\/import-placeholder-for-715\/"},"modified":"2025-05-07T13:58:39","modified_gmt":"2025-05-07T13:58:39","slug":"id-loft-metal-baza-2-l","status":"publish","type":"product","link":"http:\/\/consortium.ascentia.top\/sl\/trgovina\/dekorativni-program\/dekorativne-boje-za-zidove-i-dodaci\/id-loft-metal-baza-2-l\/","title":{"rendered":"id LOFT Metal baza 2 L"},"content":{"rendered":"<p><strong>'id LOFT METAL BAZA' 2 L <\/strong><\/p>\n<p>Dizajnerska barva z u\u010dinkom metaliziranega betona.<\/p>\n<p>Z lahkoto ustvarja industrijski dizajn notranjosti.<\/p>\n<p>Temno siva debeloslojna akrilna uradi-sam barva na vodni osnovi. Del sistema dizajnerske barve z u\u010dinkom metaliziranega betona <a href=\"https:\/\/consortium.ascentia.top\/sl\/product\/id-loft-metalizator-0-6-l\/\" target=\"_blank\" rel=\"noopener\">'id LOFT METAL'<\/a>.<\/p>\n<p>Poraba: 2 litra = teoreti\u010dno 8 do 12 m\u00b2 (1 plast), odvisno od nanosa, natan\u010dno porabo dolo\u010dite z testnim nanosom.<\/p>\n<p>Prikazan videz odtenka in u\u010dinka na zaslonu morda ne bo 100 % identi\u010den dejanskemu izdelku zaradi omejenih tehni\u010dnih mo\u017enosti prikaza spektra barv na vsakem zaslonu.<\/p>\n<p>Izdelek je deklariran kot Naredi-sam, saj je pripravljen za uporabo neposredno iz embala\u017ee in ne zahteva strokovne obdelave pred uporabo, ne zahteva nujno uporabe profesionalnega orodja in\/ali za\u0161\u010ditne opreme, zato za ta izdelek ni licenciranega izvajalca in\/ali nadzora pri namestitvi, zaradi \u010desar je namestitev tega izdelka izven nadzora proizvajalca in ni jamstva za videz, porabo in\/ali funkcionalnost po namestitvi. Vedno najprej naredite testni nanos na majhni za\u010detni povr\u0161ini, da ugotovite, ali izdelek izpolnjuje va\u0161a pri\u010dakovanja, nato pa nadaljujte le, \u010de izdelek ustreza.<\/p>\n<p>Video uporabe:<\/p>\n<p><a href=\"https:\/\/youtu.be\/ihpeDwMW3Bs\" target=\"_blank\" rel=\"noopener\">https:\/\/youtu.be\/ihpeDwMW3Bs<\/a><\/p>\n<p>&nbsp;<\/p>","protected":false},"excerpt":{"rendered":"<p>Dizajnerska barva z u\u010dinkom metaliziranega betona.<\/p>","protected":false},"featured_media":923,"template":"","meta":[],"product_brand":[],"product_cat":[188,186],"product_tag":[],"class_list":{"0":"post-1229","1":"product","2":"type-product","3":"status-publish","4":"has-post-thumbnail","6":"product_cat-dekorativne-boje-za-zidove-i-dodaci","7":"product_cat-dekorativni-program","9":"first","10":"instock","11":"shipping-taxable","12":"purchasable","13":"product-type-simple"},"acf":[],"_links":{"self":[{"href":"http:\/\/consortium.ascentia.top\/sl\/wp-json\/wp\/v2\/product\/1229","targetHints":{"allow":["GET"]}}],"collection":[{"href":"http:\/\/consortium.ascentia.top\/sl\/wp-json\/wp\/v2\/product"}],"about":[{"href":"http:\/\/consortium.ascentia.top\/sl\/wp-json\/wp\/v2\/types\/product"}],"wp:featuredmedia":[{"embeddable":true,"href":"http:\/\/consortium.ascentia.top\/sl\/wp-json\/wp\/v2\/media\/923"}],"wp:attachment":[{"href":"http:\/\/consortium.ascentia.top\/sl\/wp-json\/wp\/v2\/media?parent=1229"}],"wp:term":[{"taxonomy":"product_brand","embeddable":true,"href":"http:\/\/consortium.ascentia.top\/sl\/wp-json\/wp\/v2\/product_brand?post=1229"},{"taxonomy":"product_cat","embeddable":true,"href":"http:\/\/consortium.ascentia.top\/sl\/wp-json\/wp\/v2\/product_cat?post=1229"},{"taxonomy":"product_tag","embeddable":true,"href":"http:\/\/consortium.ascentia.top\/sl\/wp-json\/wp\/v2\/product_tag?post=1229"}],"curies":[{"name":"wp","href":"https:\/\/api.w.org\/{rel}","templated":true}]}}