{"id":1228,"date":"2021-03-02T12:59:33","date_gmt":"2021-03-02T12:59:33","guid":{"rendered":"https:\/\/consortium.ascentia.top\/product\/import-placeholder-for-714\/"},"modified":"2025-05-07T13:58:39","modified_gmt":"2025-05-07T13:58:39","slug":"id-loft-zastitni-vosak","status":"publish","type":"product","link":"http:\/\/consortium.ascentia.top\/sl\/trgovina\/dekorativni-program\/dekorativne-boje-za-zidove-i-dodaci\/id-loft-zastitni-vosak\/","title":{"rendered":"id LOFT za\u0161\u010ditni vosek"},"content":{"rendered":"<p><strong>\u2018id\u2019 LOFT ZA\u0160\u010cITNI VOSEK 1L <\/strong><\/p>\n<p>Za ustvarjanje kon\u010dnega, t.i. 'Beton Cire' satin u\u010dinka poliranega betona s vosekom, na 'id Loft Beton Original'.<\/p>\n<p>Brezbarven za\u0161\u010ditni gel premaz za <a href=\"https:\/\/consortium.ascentia.top\/sl\/product\/id-loft-original-beton\/\" target=\"_blank\" rel=\"noopener\"><u>'id <\/u><u>Loft Beton Original'<\/u><\/a> ko je nanesen na zidove notranjih prostorov: sobe, kuhinje, kopalnice (ne v tu\u0161 prostorih), hodnike itd. Ni primeren za nanos na tla ali povr\u0161ine, kjer se zadr\u017euje voda.<\/p>\n<p>Ustvari vodoodbojen, z vodo perljiv za\u0161\u010ditni sloj za vodne made\u017ee.<\/p>\n<p>Akrilni premaz na vodni osnovi.<\/p>\n<p>Poraba: 1 liter = teoreti\u010dno do 10 m\u00b2 za 1 tanko plast na izjemno gladki podlagi, mo\u010dno odvisno od orodja, nanosa in podlage. To\u010dno porabo dolo\u010dite z testnim nanosom na manj\u0161ih povr\u0161inah.<\/p>\n<p>Izdelek je deklariran za Naredi-sam uporabo, saj ni nevaren za zdravje pri namestitvi v zra\u010denih notranjih prostorih in ne zahteva uporabe posebnega profesionalnega orodja in\/ali za\u0161\u010ditne varnostne opreme, zato za ta izdelek ni licenciranega izvajalca ali nadzora pri namestitvi s strani proizvajalca.<\/p>\n<p>Izjava o omejitvi odgovornosti: Ponudba je bila ustvarjena z veliko pozornostjo, vendar je odgovornost kupca, da prebere vse tukaj navedene informacije o izdelku, si ogleda video uporabo, \u010de je omogo\u010deno na teh straneh, ter po potrebi zahteva dodatne informacije o izdelku in uporabi izdelka pred naro\u010dilom, nakupom ali uporabo. Navedena pokritost na liter izdelka je \u010dim natan\u010dnej\u0161a, vendar pribli\u017ena, saj se pokritost lahko znatno spreminja glede na stanje podlage, vpijanje, teksturo podlage in na\u010din nanosa. Priporo\u010damo, da vedno najprej naredite testni nanos na manj\u0161ih povr\u0161inah in tako preverite, ali izdelek izpolnjuje va\u0161a pri\u010dakovanja, in \u0161ele, ko ste prepri\u010dani, da izdelek izpolnjuje, nadaljujte z nanosom na celotno povr\u0161ino. Ponudba in specifikacija izdelka sta podana v najbolj\u0161i veri, na podlagi razpolo\u017eljivih informacij, vendar brez jamstva, saj je nana\u0161anje in uporaba tega izdelka za Naredi-sam uporabo izven na\u0161ega nadzora, s \u010dimer se strinjate in sprejemate ob naro\u010dilu in\/ali nakupu.<\/p>\n<p>Proizvajalec: INITIATIVES DECORATION \u2013 FRANCIA<\/p>\n<p><a href=\"http:\/\/www.id-paris.com\" target=\"_blank\" rel=\"noopener\">www.id-paris.com<\/a><\/p>\n<p>Dr\u017eava porekla: EU - Francija<\/p>","protected":false},"excerpt":{"rendered":"<p>Za stvaranje zavr\u0161nog tzv. 'Beton Cire' saten efekta betona poliranog voskom.<\/p>","protected":false},"featured_media":895,"template":"","meta":[],"product_brand":[],"product_cat":[188,186],"product_tag":[],"class_list":{"0":"post-1228","1":"product","2":"type-product","3":"status-publish","4":"has-post-thumbnail","6":"product_cat-dekorativne-boje-za-zidove-i-dodaci","7":"product_cat-dekorativni-program","9":"first","10":"instock","11":"shipping-taxable","12":"purchasable","13":"product-type-simple"},"acf":[],"_links":{"self":[{"href":"http:\/\/consortium.ascentia.top\/sl\/wp-json\/wp\/v2\/product\/1228","targetHints":{"allow":["GET"]}}],"collection":[{"href":"http:\/\/consortium.ascentia.top\/sl\/wp-json\/wp\/v2\/product"}],"about":[{"href":"http:\/\/consortium.ascentia.top\/sl\/wp-json\/wp\/v2\/types\/product"}],"wp:featuredmedia":[{"embeddable":true,"href":"http:\/\/consortium.ascentia.top\/sl\/wp-json\/wp\/v2\/media\/895"}],"wp:attachment":[{"href":"http:\/\/consortium.ascentia.top\/sl\/wp-json\/wp\/v2\/media?parent=1228"}],"wp:term":[{"taxonomy":"product_brand","embeddable":true,"href":"http:\/\/consortium.ascentia.top\/sl\/wp-json\/wp\/v2\/product_brand?post=1228"},{"taxonomy":"product_cat","embeddable":true,"href":"http:\/\/consortium.ascentia.top\/sl\/wp-json\/wp\/v2\/product_cat?post=1228"},{"taxonomy":"product_tag","embeddable":true,"href":"http:\/\/consortium.ascentia.top\/sl\/wp-json\/wp\/v2\/product_tag?post=1228"}],"curies":[{"name":"wp","href":"https:\/\/api.w.org\/{rel}","templated":true}]}}