{"id":1223,"date":"2021-03-02T12:59:32","date_gmt":"2021-03-02T12:59:32","guid":{"rendered":"https:\/\/consortium.ascentia.top\/product\/import-placeholder-for-709\/"},"modified":"2025-05-07T14:01:14","modified_gmt":"2025-05-07T14:01:14","slug":"id-elegance","status":"publish","type":"product","link":"http:\/\/consortium.ascentia.top\/sl\/trgovina\/dekorativni-program\/dekorativne-boje-za-zidove-i-dodaci\/id-elegance\/","title":{"rendered":"id Elegance"},"content":{"rendered":"<p><strong>\u2018id\u2019 EL\u00c9GANCE 2 L<\/strong><\/p>\n<p>Dizajnerska barva za zidove z dodatkom finih peskastih perlic in diskretnih ble\u0161\u010dic za notranje prostore z elegantnim \"velvet &amp; glitter\" u\u010dinkom svetle\u010dega bar\u0161una.<\/p>\n<p>Akrilna barva na vodni osnovi \u2013 brezskrbna za uporabo v notranjih prostorih.<\/p>\n<p>Za zidove notranjih prostorov in les.<\/p>\n<p>Odporna na brisanje z vla\u017eno krpo.<\/p>\n<p>Prekrivnost: 2 lit = teoreti\u010dno pribli\u017eno 8 m\u00b2 do 12 m\u00b2 (1 sloj), kar mo\u010dno vpliva na podlago, orodje in na\u010din nana\u0161anja. To\u010dno porabo barve na m\u00b2 je treba dolo\u010diti z testnim nanosom na manj\u0161ih povr\u0161inah.<\/p>\n<p>Ta izdelek je deklariran za DIY (naredi sam) uporabo, saj je pripravljen za uporabo neposredno iz embala\u017ee in ne zahteva strokovne obdelave pred nana\u0161anjem, ni nevaren za zdravje pri uporabi v notranjih prostorih in ne zahteva posebne profesionalne opreme ali za\u0161\u010dite. Zato za ta izdelek ni licenciranega izvajalca ali nadzora pri namestitvi s strani proizvajalca.<\/p>\n<p>Izjava o omejitvi odgovornosti: Ponudba je bila pripravljena z veliko pozornostjo, vendar je odgovornost kupca, da prebere vse tukaj navedene podatke o izdelku, si ogleda video navodila za uporabo, \u010de je na voljo na teh straneh, in po potrebi, na zahtevo prek kontaktov, navedenih na teh straneh, zahteva dodatne informacije o izdelku in njegovi uporabi, preden odda naro\u010dilo, opravi nakup in\/ali uporablja izdelek. Navedene povr\u0161ine pokritosti na liter izdelka so \u010dim natan\u010dnej\u0161e, vendar so pribli\u017ene, saj se prekrivnost lahko znatno spreminja glede na stanje podlage, vpijanje, teksturo podlage in na\u010din nana\u0161anja. Prikaz barv in u\u010dinkov izdelka na zaslonu je \u010dim bli\u017eje dejanskim, vendar zaradi tehni\u010dnih omejitev zaslona ni mogo\u010de zagotoviti 100% natan\u010dnosti, zato ne jam\u010dimo, da bo kon\u010dni rezultat uporabljenega izdelka enak tistemu, prikazanemu na zaslonu. Priporo\u010damo, da VEDNO najprej opravite test na manj\u0161ih povr\u0161inah, da preverite, ali izdelek ustreza va\u0161im pri\u010dakovanjem, in \u0161ele, ko ste prepri\u010dani, da izdelek izpolnjuje va\u0161a pri\u010dakovanja, nadaljujte z nana\u0161anjem na celotno povr\u0161ino. Navedena ponudba in specifikacije izdelka so dane v najbolj\u0161i veri, na podlagi na\u0161ih razpolo\u017eljivih informacij, vendar brez jamstva, saj je nana\u0161anje in uporaba tega izdelka, ki je deklariran kot izdelek za samostojno uporabo, izven na\u0161ega nadzora, s \u010dimer se strinjate in sprejemate ob oddaji naro\u010dila in\/ali nakupu.<\/p>\n<p>Proizvajalec<u>:<\/u> INITIATIVES DECORATION \u2013 FRANCIA<\/p>\n<p><a href=\"http:\/\/www.id-paris.com\" target=\"_blank\" rel=\"noopener\">www.id-paris.com<\/a><\/p>\n<p>Dr\u017eava porekla: EU \u2013 Francija<\/p>\n<p><iframe loading=\"lazy\" title=\"ID - El\u00e9gance GB\" width=\"500\" height=\"281\" src=\"https:\/\/www.youtube.com\/embed\/Bmdhn7BEGto?feature=oembed\" frameborder=\"0\" allow=\"accelerometer; autoplay; clipboard-write; encrypted-media; gyroscope; picture-in-picture; web-share\" referrerpolicy=\"strict-origin-when-cross-origin\" allowfullscreen><\/iframe><\/p>","protected":false},"excerpt":{"rendered":"<p>Dizajnerska boja za zidove s ve\u0107 dodanim finim pjeskastim perlicama i decentnim \u0161ljokicama.<\/p>","protected":false},"featured_media":871,"template":"","meta":[],"product_brand":[],"product_cat":[188,186],"product_tag":[],"class_list":{"0":"post-1223","1":"product","2":"type-product","3":"status-publish","4":"has-post-thumbnail","6":"product_cat-dekorativne-boje-za-zidove-i-dodaci","7":"product_cat-dekorativni-program","9":"first","10":"instock","11":"shipping-taxable","12":"purchasable","13":"product-type-variable","14":"wvs-archive-product-wrapper"},"acf":[],"_links":{"self":[{"href":"http:\/\/consortium.ascentia.top\/sl\/wp-json\/wp\/v2\/product\/1223","targetHints":{"allow":["GET"]}}],"collection":[{"href":"http:\/\/consortium.ascentia.top\/sl\/wp-json\/wp\/v2\/product"}],"about":[{"href":"http:\/\/consortium.ascentia.top\/sl\/wp-json\/wp\/v2\/types\/product"}],"wp:featuredmedia":[{"embeddable":true,"href":"http:\/\/consortium.ascentia.top\/sl\/wp-json\/wp\/v2\/media\/871"}],"wp:attachment":[{"href":"http:\/\/consortium.ascentia.top\/sl\/wp-json\/wp\/v2\/media?parent=1223"}],"wp:term":[{"taxonomy":"product_brand","embeddable":true,"href":"http:\/\/consortium.ascentia.top\/sl\/wp-json\/wp\/v2\/product_brand?post=1223"},{"taxonomy":"product_cat","embeddable":true,"href":"http:\/\/consortium.ascentia.top\/sl\/wp-json\/wp\/v2\/product_cat?post=1223"},{"taxonomy":"product_tag","embeddable":true,"href":"http:\/\/consortium.ascentia.top\/sl\/wp-json\/wp\/v2\/product_tag?post=1223"}],"curies":[{"name":"wp","href":"https:\/\/api.w.org\/{rel}","templated":true}]}}