{"id":1222,"date":"2021-03-02T12:59:32","date_gmt":"2021-03-02T12:59:32","guid":{"rendered":"https:\/\/consortium.ascentia.top\/product\/import-placeholder-for-708\/"},"modified":"2025-05-07T13:58:44","modified_gmt":"2025-05-07T13:58:44","slug":"id-zastita-za-namjestaj-bezbojna-x-mat-0-5-l","status":"publish","type":"product","link":"http:\/\/consortium.ascentia.top\/sl\/trgovina\/dekorativni-program\/dekorativne-boje-za-namjestaj\/id-zastita-za-namjestaj-bezbojna-x-mat-0-5-l\/","title":{"rendered":"id Za\u0161\u010dita za pohi\u0161tvo brezbarvna X-mat 0,5 L"},"content":{"rendered":"<p><strong>'id' <\/strong><strong>ZA\u0160\u010cITA ZA POHI\u0160TVO BREZBARVNA X-MAT 0,5L<\/strong><\/p>\n<p>Brezbarven ekstra mat akrilni za\u0161\u010ditni premaz na vodni osnovi, ki \u0161\u010diti prej pobarvane podlage ter leseno pohi\u0161tvo in stavbno pohi\u0161tvo v notranjih prostorih pred vpijanjem vode in gospodinjskimi made\u017ei. Idealen za uporabo na barvi 'id Charme', saj zaradi svojega ekstra mat sijaja ne spreminja njenega pudrastega u\u010dinka. Lahko se univerzalno uporablja tudi na ve\u010dini vodnih in akrilnih barv, vedno s predhodnim testnim nanosom za potrditev zdru\u017eljivosti izdelkov. Ni primeren za tla, zunanje povr\u0161ine in povr\u0161ine, kjer se zadr\u017euje voda (kadi, umivalniki, rezervoarji za vodo, bazeni ipd.).<\/p>\n<p>Poraba: do 10 m\u00b2 \/ 500 ml za 1 sloj na popolnoma gladkih podlagah iz stare barve, odvisno od nanosa, orodja in podlage. Natan\u010dno porabo po m\u00b2 dolo\u010dite s testnim nanosom.<\/p>\n<p>Pred nakupom in uporabo preberite vse navedene specifikacije in navodila na tej strani ali na uradni strani www.id-paris.com. \u010ce potrebujete dodatna pojasnila o uporabi tega izdelka, nas pred nakupom in uporabo kontaktirajte prek navedenih kontaktnih podatkov na tej strani. Vedno najprej opravite testni nanos na manj\u0161i povr\u0161ini, in \u010de je rezultat zadovoljiv, nadaljujte z nanosom na celotno povr\u0161ino. Uporaba tega naredi-sam izdelka je zunaj nadzora proizvajalca, saj ne obstajajo licencirani izvajalci in\/ali nadzor monta\u017ee, zato ni jamstva za videz, funkcijo in\/ali porabo po m\u00b2 po monta\u017ei.<\/p>\n<p>Proizvajalec: 'Initiatives Decoration', Francija<\/p>\n<p><a href=\"http:\/\/www.id-paris.com\" target=\"_blank\" rel=\"noopener\">www.id-paris.com<\/a><\/p>\n<p>Dr\u017eava porekla: EU - Francija<\/p>\n<p>Povezava na video uporabe:<\/p>\n<p><a href=\"https:\/\/youtu.be\/o3Y7LGZ89sQ\" target=\"_blank\" rel=\"noopener\">https:\/\/youtu.be\/o3Y7LGZ89sQ<\/a><\/p>","protected":false},"excerpt":{"rendered":"<p>Bezbojan ekstra-mat akrilni za\u0161titni premaz na bazi vode.<\/p>","protected":false},"featured_media":869,"template":"","meta":[],"product_brand":[],"product_cat":[291,186],"product_tag":[],"class_list":{"0":"post-1222","1":"product","2":"type-product","3":"status-publish","4":"has-post-thumbnail","6":"product_cat-dekorativne-boje-za-namjestaj","7":"product_cat-dekorativni-program","9":"first","10":"onbackorder","11":"shipping-taxable","12":"purchasable","13":"product-type-simple"},"acf":[],"_links":{"self":[{"href":"http:\/\/consortium.ascentia.top\/sl\/wp-json\/wp\/v2\/product\/1222","targetHints":{"allow":["GET"]}}],"collection":[{"href":"http:\/\/consortium.ascentia.top\/sl\/wp-json\/wp\/v2\/product"}],"about":[{"href":"http:\/\/consortium.ascentia.top\/sl\/wp-json\/wp\/v2\/types\/product"}],"wp:featuredmedia":[{"embeddable":true,"href":"http:\/\/consortium.ascentia.top\/sl\/wp-json\/wp\/v2\/media\/869"}],"wp:attachment":[{"href":"http:\/\/consortium.ascentia.top\/sl\/wp-json\/wp\/v2\/media?parent=1222"}],"wp:term":[{"taxonomy":"product_brand","embeddable":true,"href":"http:\/\/consortium.ascentia.top\/sl\/wp-json\/wp\/v2\/product_brand?post=1222"},{"taxonomy":"product_cat","embeddable":true,"href":"http:\/\/consortium.ascentia.top\/sl\/wp-json\/wp\/v2\/product_cat?post=1222"},{"taxonomy":"product_tag","embeddable":true,"href":"http:\/\/consortium.ascentia.top\/sl\/wp-json\/wp\/v2\/product_tag?post=1222"}],"curies":[{"name":"wp","href":"https:\/\/api.w.org\/{rel}","templated":true}]}}