{"id":1219,"date":"2021-03-02T12:59:32","date_gmt":"2021-03-02T12:59:32","guid":{"rendered":"https:\/\/consortium.ascentia.top\/product\/import-placeholder-for-705\/"},"modified":"2025-05-07T13:58:44","modified_gmt":"2025-05-07T13:58:44","slug":"id-temelj-special-za-sve-podloge-0-5-l","status":"publish","type":"product","link":"http:\/\/consortium.ascentia.top\/sl\/trgovina\/dekorativni-program\/dekorativne-boje-za-namjestaj\/id-temelj-special-za-sve-podloge-0-5-l\/","title":{"rendered":"id Temelj Special za vse podlage 0,5 L"},"content":{"rendered":"<p><strong>'id' TEMELJ SPECIAL ZA VSE PODLAGE 500 ml <\/strong><\/p>\n<p>Univerzalni primer za skoraj vse vrste podlag pred nanosom zaklju\u010dnih premazov na vodni osnovi, akrilnih na vodni osnovi, poliuretanskih na vodni osnovi, alkidnih in oljnih zaklju\u010dnih barv ter premazov.<\/p>\n<p>Poraba: do 7 m\u00b2 \/ 500 ml za 1 sloj na nevpijajo\u010dih in povsem gladkih podlagah, odvisno od nanosa in podlage. Natan\u010dno porabo po m\u00b2 dolo\u010dite s testnim nanosom.<\/p>\n<p>Beli primer primeren za naredi-sam uporabo v notranjih prostorih. Po su\u0161enju ustvari fino in povsem gladko plast, saj ne vsebuje grobih dodatkov, kot je kremen\u010dev pesek ali podobno. Hitro su\u0161e\u010d akrilni temeljni premaz na vodni osnovi, ki odli\u010dno oprime ve\u010dino vrst podlag, tudi nevpijajo\u010de: les, melamin, steklo, nerjave\u010de jeklo, aluminij, kerami\u010dne stenske plo\u0161\u010dice, PVC, kamen, polirani marmor, porcelan, keramiko, visoko sijajne lakirane povr\u0161ine, stare barve in lake (vklju\u010dno s poliuretanskimi in epoksi starimi barvami). Uporablja se lahko tudi na kuhinjskem pohi\u0161tvu, delovnih plo\u0161\u010dah, stolih, stavbnem pohi\u0161tvu, klubski mizici ipd.<\/p>\n<p>Idealen za naredi-sam dekoracijo in\/ali obnovo pohi\u0161tva ter dekorativnih predmetov, saj nima \u0161kodljivih ali neprijetnih vonjav, je varen za uporabo v notranjih prostorih, oprime se skoraj vseh podlag in ustreza ve\u010dini zaklju\u010dnih naredi-sam premazov. Ni primeren za uporabo na talnih povr\u0161inah.<\/p>\n<p>Pred nakupom in uporabo preberite vse navedene specifikacije in navodila na teh straneh ali na uradni strani <a href=\"http:\/\/www.id-paris.com\" target=\"_blank\" rel=\"noopener\">www.id-paris.com<\/a> . \u010ce potrebujete dodatna pojasnila glede uporabe izdelka, nas kontaktirajte prek navedenih kontaktnih podatkov na tej strani. Vedno najprej opravite testni nanos na manj\u0161i povr\u0161ini, in \u010de je rezultat zadovoljiv, nadaljujte z nanosom na celotno povr\u0161ino. Uporaba tega naredi-sam izdelka je zunaj nadzora proizvajalca, saj ne obstajajo licencirani izvajalci in\/ali nadzor monta\u017ee, zato ni jamstva za videz, funkcijo in\/ali porabo po m\u00b2 po monta\u017ei.<\/p>\n<p>Proizvajalec: 'Initiatives Decoration', Francija<\/p>\n<p><a href=\"http:\/\/www.id-paris.com\" target=\"_blank\" rel=\"noopener\">www.id-paris.com<\/a><\/p>\n<p>Dr\u017eava porekla: EU - Francija<\/p>","protected":false},"excerpt":{"rendered":"<p>Univerzalni prajmer za gotovo sve vrste podloga.<\/p>","protected":false},"featured_media":866,"template":"","meta":[],"product_brand":[],"product_cat":[291,186],"product_tag":[],"class_list":{"0":"post-1219","1":"product","2":"type-product","3":"status-publish","4":"has-post-thumbnail","6":"product_cat-dekorativne-boje-za-namjestaj","7":"product_cat-dekorativni-program","9":"first","10":"onbackorder","11":"shipping-taxable","12":"purchasable","13":"product-type-simple"},"acf":[],"_links":{"self":[{"href":"http:\/\/consortium.ascentia.top\/sl\/wp-json\/wp\/v2\/product\/1219","targetHints":{"allow":["GET"]}}],"collection":[{"href":"http:\/\/consortium.ascentia.top\/sl\/wp-json\/wp\/v2\/product"}],"about":[{"href":"http:\/\/consortium.ascentia.top\/sl\/wp-json\/wp\/v2\/types\/product"}],"wp:featuredmedia":[{"embeddable":true,"href":"http:\/\/consortium.ascentia.top\/sl\/wp-json\/wp\/v2\/media\/866"}],"wp:attachment":[{"href":"http:\/\/consortium.ascentia.top\/sl\/wp-json\/wp\/v2\/media?parent=1219"}],"wp:term":[{"taxonomy":"product_brand","embeddable":true,"href":"http:\/\/consortium.ascentia.top\/sl\/wp-json\/wp\/v2\/product_brand?post=1219"},{"taxonomy":"product_cat","embeddable":true,"href":"http:\/\/consortium.ascentia.top\/sl\/wp-json\/wp\/v2\/product_cat?post=1219"},{"taxonomy":"product_tag","embeddable":true,"href":"http:\/\/consortium.ascentia.top\/sl\/wp-json\/wp\/v2\/product_tag?post=1219"}],"curies":[{"name":"wp","href":"https:\/\/api.w.org\/{rel}","templated":true}]}}