{"id":1215,"date":"2021-03-02T12:59:31","date_gmt":"2021-03-02T12:59:31","guid":{"rendered":"https:\/\/consortium.ascentia.top\/product\/import-placeholder-for-701\/"},"modified":"2025-05-07T14:01:15","modified_gmt":"2025-05-07T14:01:15","slug":"id-paillett-za-namjestaj","status":"publish","type":"product","link":"http:\/\/consortium.ascentia.top\/sl\/trgovina\/dekorativni-program\/dekorativne-boje-za-namjestaj\/id-paillett-za-namjestaj\/","title":{"rendered":"id Paillett' za pohi\u0161tvo"},"content":{"rendered":"<p><strong>'id' PAILLETT' ZA POHI\u0160TVO 0.5 Lit<\/strong><\/p>\n<p>Dizajnerska barva z ble\u0161\u010dicami za kovinski glitter u\u010dinek.<\/p>\n<p>Idealna za naredi-sam dekoracijo in\/ali obnovo pohi\u0161tva, okrasnih in dekorativnih predmetov ter splo\u0161no povr\u0161in v notranjih prostorih, saj se nana\u0161a neposredno brez temeljnega premaza na ve\u010dino obi\u010dajnih podlag.<\/p>\n<p>Akrilna pralna hitro su\u0161e\u010da barva na vodni osnovi. Odporna na \u0161kropljenje z vodo in gospodinjske made\u017ee. Ni primerna za tla in povr\u0161ine, kjer se voda zadr\u017euje. Samo za notranjo uporabo.<\/p>\n<p>Poraba: do 5 m\u00b2 \/ 500 ml za 1 sloj, odvisno od nanosa, orodja in podlage. Natan\u010dno porabo na m\u00b2 dolo\u010dite s testnim nanosom.<\/p>\n<p>Pred nakupom in uporabo si oglejte video z navodili na teh straneh ali na <a href=\"http:\/\/www.id-paris.com\" target=\"_blank\" rel=\"noopener\">www.id-paris.com<\/a> . Vedno najprej opravite testni nanos na manj\u0161i povr\u0161ini, in \u010de je rezultat zadovoljiv, nadaljujte z nanosom na celotno povr\u0161ino. Uporaba tega naredi-sam izdelka je zunaj nadzora proizvajalca, saj ne obstajajo licencirani izvajalci in\/ali nadzor monta\u017ee, zato ni jamstev za videz, funkcijo in\/ali porabo po nanosu.<\/p>\n<p>Proizvajalec: 'Initiatives Decoration', Francija.<\/p>\n<p>Dr\u017eava porekla: EU - Francija<\/p>\n<p>Povezava na video uporabe:<\/p>\n<p><a href=\"https:\/\/youtu.be\/_8cnQDWYRFc\" target=\"_blank\" rel=\"noopener\">https:\/\/youtu.be\/_8cnQDWYRFc<\/a><\/p>","protected":false},"excerpt":{"rendered":"<p>Dizajnerska barva z ble\u0161\u010dicami za kovinski glitter u\u010dinek.<\/p>","protected":false},"featured_media":837,"template":"","meta":[],"product_brand":[],"product_cat":[291,186],"product_tag":[],"class_list":{"0":"post-1215","1":"product","2":"type-product","3":"status-publish","4":"has-post-thumbnail","6":"product_cat-dekorativne-boje-za-namjestaj","7":"product_cat-dekorativni-program","9":"first","10":"instock","11":"featured","12":"shipping-taxable","13":"purchasable","14":"product-type-variable","15":"wvs-archive-product-wrapper"},"acf":[],"_links":{"self":[{"href":"http:\/\/consortium.ascentia.top\/sl\/wp-json\/wp\/v2\/product\/1215","targetHints":{"allow":["GET"]}}],"collection":[{"href":"http:\/\/consortium.ascentia.top\/sl\/wp-json\/wp\/v2\/product"}],"about":[{"href":"http:\/\/consortium.ascentia.top\/sl\/wp-json\/wp\/v2\/types\/product"}],"wp:featuredmedia":[{"embeddable":true,"href":"http:\/\/consortium.ascentia.top\/sl\/wp-json\/wp\/v2\/media\/837"}],"wp:attachment":[{"href":"http:\/\/consortium.ascentia.top\/sl\/wp-json\/wp\/v2\/media?parent=1215"}],"wp:term":[{"taxonomy":"product_brand","embeddable":true,"href":"http:\/\/consortium.ascentia.top\/sl\/wp-json\/wp\/v2\/product_brand?post=1215"},{"taxonomy":"product_cat","embeddable":true,"href":"http:\/\/consortium.ascentia.top\/sl\/wp-json\/wp\/v2\/product_cat?post=1215"},{"taxonomy":"product_tag","embeddable":true,"href":"http:\/\/consortium.ascentia.top\/sl\/wp-json\/wp\/v2\/product_tag?post=1215"}],"curies":[{"name":"wp","href":"https:\/\/api.w.org\/{rel}","templated":true}]}}